{"id":39425,"date":"2026-04-22T02:46:50","date_gmt":"2026-04-22T00:46:50","guid":{"rendered":"https:\/\/www.hex.be\/?page_id=39425"},"modified":"2026-04-22T11:44:35","modified_gmt":"2026-04-22T09:44:35","slug":"concertletsingtheroses","status":"publish","type":"page","link":"https:\/\/www.hex.be\/fr\/concertletsingtheroses\/","title":{"rendered":"ConcertLetsingtheroses"},"content":{"rendered":"<h3 class=\"wp-block-heading has-text-align-center\">Let sing the roses<\/h3>\n\n\n\n<p class=\"has-text-align-center\"><strong>Zondag 7 juni<\/strong> <strong>2026<\/strong><br>Rendez-vous au Ch\u00e2teau de Hex pour c\u00e9l\u00e9brer la reine des fleurs : la rose<br>\u2014 ancienne, d\u00e9licate et myst\u00e9rieuse.<br>In het kader van het Outdoor Garden Festival laat <em>Ch\u00e2teau de Hex<br><\/em> de muziek bloeien tussen de bloemenperken met een sextet van jonge talentvolle muzikanten.<br><\/p>\n\n\n\n<p class=\"has-text-align-left\"><strong>Programma voor zondag 7 juni<\/strong> <strong>2026<\/strong><br>10:00 : Ouverture de la F\u00eate des Plantes<br>12:00 \u2013 14:00 : Landelijke lunch op terrassen van het Kasteel.<br>Salade ou Burger issus de la ferme bio du ch\u00e2teau<br>16:00 - 17:00 : Concert dans l'\u00e9glise du village (\u00e0 quelques pas du ch\u00e2teau)<br><br><strong>au Ch\u00e2teau de Hex<\/strong><br>adresse : Hekslaan 57, 3870 Heks, Belgique<br><strong>\u200b\u00c0 propos de l'\u00e9v\u00e9nement<\/strong><br>Dans le cadre du prestigieux Outdoor Garden Festival du ch\u00e2teau de Hex, \"Let's Sing the<br>the Roses\u201d een eerbetoon aan de beroemde collectie zeldzame en<br>rares du ch\u00e2teau.<br>En compl\u00e9ment du festival floral, un concert est propos\u00e9 dans l'\u00e9glise<br>Notre-Dame de l'Assomption dans le village de Heks, situ\u00e9e dans la tr\u00e8s belle r\u00e9gion<br>de la Hesbaye.<br>Kasteel Hex nodigt u uit voor een landelijke lunch op de<br>kasteelterrassen (enkel toegankelijk voor de concertgangers) , gevolgd door een recital in de akoestisch rijke dorpskerk \u2014 inclusief<br>ainsi qu\u2019une entr\u00e9e au Outdoor Garden Festival.<br><strong>Le billet comprend :<\/strong><br>\u25cf Concert<br>\u25cf D\u00e9jeuner sur les terrasses du ch\u00e2teau (boissons alcoolis\u00e9es non inclus)<br>\u25cf Toegang tot het Outdoor Garden Festival, zondag 7 juni van 10u tot 18u<br>\u25cf Parking<br><strong>Les musiciens\u200b<\/strong><br>Sextet van jonge talentvolle muzikanten. Namen:<br>To be confirmed soon<br><strong>Programme du concert<\/strong><br>To be confirmed soon<\/p>\n\n\n\n\n\n<p><\/p>","protected":false},"excerpt":{"rendered":"<p>Let sing the roses Zondag 7 juni 2026Welkom op Kasteel Hex om de koningin der bloemen te vieren: de oude roos\u2014 delicaat en mysterieus.In het kader van het Outdoor Garden Festival laat Kasteel Hex de muziek bloeien tussen de bloemenperken met een sextet van jonge talentvolle muzikanten. Programma voor zondag 7 juni 202610:00 : Opening [&hellip;]<\/p>\n","protected":false},"author":8,"featured_media":0,"parent":0,"menu_order":0,"comment_status":"closed","ping_status":"closed","template":"","meta":{"_acf_changed":false,"site-sidebar-layout":"default","site-content-layout":"","ast-site-content-layout":"default","site-content-style":"default","site-sidebar-style":"default","ast-global-header-display":"","ast-banner-title-visibility":"","ast-main-header-display":"","ast-hfb-above-header-display":"","ast-hfb-below-header-display":"","ast-hfb-mobile-header-display":"","site-post-title":"","ast-breadcrumbs-content":"","ast-featured-img":"","footer-sml-layout":"","ast-disable-related-posts":"","theme-transparent-header-meta":"","adv-header-id-meta":"","stick-header-meta":"","header-above-stick-meta":"","header-main-stick-meta":"","header-below-stick-meta":"","astra-migrate-meta-layouts":"set","ast-page-background-enabled":"default","ast-page-background-meta":{"desktop":{"background-color":"","background-image":"","background-repeat":"repeat","background-position":"center center","background-size":"auto","background-attachment":"scroll","background-type":"","background-media":"","overlay-type":"","overlay-color":"","overlay-opacity":"","overlay-gradient":""},"tablet":{"background-color":"","background-image":"","background-repeat":"repeat","background-position":"center center","background-size":"auto","background-attachment":"scroll","background-type":"","background-media":"","overlay-type":"","overlay-color":"","overlay-opacity":"","overlay-gradient":""},"mobile":{"background-color":"","background-image":"","background-repeat":"repeat","background-position":"center center","background-size":"auto","background-attachment":"scroll","background-type":"","background-media":"","overlay-type":"","overlay-color":"","overlay-opacity":"","overlay-gradient":""}},"ast-content-background-meta":{"desktop":{"background-color":"var(--ast-global-color-5)","background-image":"","background-repeat":"repeat","background-position":"center center","background-size":"auto","background-attachment":"scroll","background-type":"","background-media":"","overlay-type":"","overlay-color":"","overlay-opacity":"","overlay-gradient":""},"tablet":{"background-color":"var(--ast-global-color-5)","background-image":"","background-repeat":"repeat","background-position":"center center","background-size":"auto","background-attachment":"scroll","background-type":"","background-media":"","overlay-type":"","overlay-color":"","overlay-opacity":"","overlay-gradient":""},"mobile":{"background-color":"var(--ast-global-color-5)","background-image":"","background-repeat":"repeat","background-position":"center center","background-size":"auto","background-attachment":"scroll","background-type":"","background-media":"","overlay-type":"","overlay-color":"","overlay-opacity":"","overlay-gradient":""}},"_price":"","_stock":"","_tribe_ticket_header":"","_tribe_default_ticket_provider":"Tribe__Tickets_Plus__Commerce__WooCommerce__Main","_tribe_ticket_capacity":"","_ticket_start_date":"","_ticket_end_date":"","_tribe_ticket_show_description":"","_tribe_ticket_show_not_going":false,"_tribe_ticket_use_global_stock":"","_tribe_ticket_global_stock_level":"","_global_stock_mode":"","_global_stock_cap":"","_tribe_rsvp_for_event":"","_tribe_ticket_going_count":"","_tribe_ticket_not_going_count":"","_tribe_tickets_list":"[{\"id\":39428,\"type\":\"default\",\"title\":\"concert &quot;Let sing the roses&quot;\",\"description\":\"concert 7 june 16:00\",\"capacityType\":\"own\",\"price\":85,\"capacity\":170,\"available\":170,\"sharedCapacity\":170,\"sold\":0,\"shareSold\":0,\"isShared\":false,\"currencyDecimalPoint\":\",\",\"currencyNumberOfDecimals\":2,\"currencyPosition\":\"prefix\",\"currencySymbol\":\"$\",\"currencyThousandsSep\":\" \"}]","_tribe_ticket_has_attendee_info_fields":false,"footnotes":"","_tec_slr_enabled":"","_tec_slr_layout":""},"class_list":["post-39425","page","type-page","status-publish","hentry"],"acf":[],"ticketed":["woo"],"_links":{"self":[{"href":"https:\/\/www.hex.be\/fr\/wp-json\/wp\/v2\/pages\/39425","targetHints":{"allow":["GET"]}}],"collection":[{"href":"https:\/\/www.hex.be\/fr\/wp-json\/wp\/v2\/pages"}],"about":[{"href":"https:\/\/www.hex.be\/fr\/wp-json\/wp\/v2\/types\/page"}],"author":[{"embeddable":true,"href":"https:\/\/www.hex.be\/fr\/wp-json\/wp\/v2\/users\/8"}],"replies":[{"embeddable":true,"href":"https:\/\/www.hex.be\/fr\/wp-json\/wp\/v2\/comments?post=39425"}],"version-history":[{"count":2,"href":"https:\/\/www.hex.be\/fr\/wp-json\/wp\/v2\/pages\/39425\/revisions"}],"predecessor-version":[{"id":39442,"href":"https:\/\/www.hex.be\/fr\/wp-json\/wp\/v2\/pages\/39425\/revisions\/39442"}],"wp:attachment":[{"href":"https:\/\/www.hex.be\/fr\/wp-json\/wp\/v2\/media?parent=39425"}],"curies":[{"name":"wp","href":"https:\/\/api.w.org\/{rel}","templated":true}]}}