{"id":25,"date":"2014-03-05T17:04:29","date_gmt":"2014-03-05T16:04:29","guid":{"rendered":"http:\/\/www.detuinenvanhex.be\/?page_id=25"},"modified":"2026-04-21T09:10:34","modified_gmt":"2026-04-21T07:10:34","slug":"partners","status":"publish","type":"page","link":"https:\/\/www.hex.be\/fr\/partners\/","title":{"rendered":"Partenaires"},"content":{"rendered":"<div data-elementor-type=\"wp-post\" data-elementor-id=\"25\" class=\"elementor elementor-25\" data-elementor-post-type=\"page\">\n\t\t\t\t\t\t<section class=\"elementor-section elementor-top-section elementor-element elementor-element-4b9bd286 elementor-section-height-min-height wbm-hero elementor-section-boxed elementor-section-height-default elementor-section-items-middle\" data-id=\"4b9bd286\" data-element_type=\"section\" data-e-type=\"section\" data-settings=\"{&quot;background_background&quot;:&quot;classic&quot;}\">\n\t\t\t\t\t\t\t<div class=\"elementor-background-overlay\"><\/div>\n\t\t\t\t\t\t\t<div class=\"elementor-container elementor-column-gap-default\">\n\t\t\t\t\t<div class=\"elementor-column elementor-col-100 elementor-top-column elementor-element elementor-element-41dc895\" data-id=\"41dc895\" data-element_type=\"column\" data-e-type=\"column\">\n\t\t\t<div class=\"elementor-widget-wrap\">\n\t\t\t\t\t\t\t<\/div>\n\t\t<\/div>\n\t\t\t\t\t<\/div>\n\t\t<\/section>\n\t\t\t\t<section class=\"elementor-section elementor-top-section elementor-element elementor-element-46f10dd9 cw_medium elementor-section-full_width elementor-section-height-default elementor-section-height-default\" data-id=\"46f10dd9\" data-element_type=\"section\" data-e-type=\"section\">\n\t\t\t\t\t\t<div class=\"elementor-container elementor-column-gap-default\">\n\t\t\t\t\t<div class=\"elementor-column elementor-col-100 elementor-top-column elementor-element elementor-element-39835548\" data-id=\"39835548\" data-element_type=\"column\" data-e-type=\"column\">\n\t\t\t<div class=\"elementor-widget-wrap elementor-element-populated\">\n\t\t\t\t\t\t<div class=\"elementor-element elementor-element-4ef61aa elementor-widget elementor-widget-heading\" data-id=\"4ef61aa\" data-element_type=\"widget\" data-e-type=\"widget\" data-widget_type=\"heading.default\">\n\t\t\t\t<div class=\"elementor-widget-container\">\n\t\t\t\t\t<h1 class=\"elementor-heading-title elementor-size-default\">Partenaires<\/h1>\t\t\t\t<\/div>\n\t\t\t\t<\/div>\n\t\t\t\t<div class=\"elementor-element elementor-element-7450712 elementor-widget elementor-widget-text-editor\" data-id=\"7450712\" data-element_type=\"widget\" data-e-type=\"widget\" data-widget_type=\"text-editor.default\">\n\t\t\t\t<div class=\"elementor-widget-container\">\n\t\t\t\t\t\t\t\t\t<p style=\"margin-bottom: 0cm\">Hex aspire \u00e0 l&#039;excellence depuis 250 ans et occupe une place importante dans la soci\u00e9t\u00e9 en raison de sa contribution au patrimoine culturel, \u00e0 l&#039;horticulture en particulier et \u00e0 la conservation de la nature dans ce pays. De concert avec le monde des affaires, ses r\u00e9sidents souhaitent conserver le domaine de mani\u00e8re optimale, dans le respect de sa valeur intrins\u00e8que et avec un regard tourn\u00e9 vers l&#039;avenir. Nous remercions les partenaires suivants pour leur contribution:<\/p>\t\t\t\t\t\t\t\t<\/div>\n\t\t\t\t<\/div>\n\t\t\t\t<section class=\"elementor-section elementor-inner-section elementor-element elementor-element-f86977a elementor-section-boxed elementor-section-height-default elementor-section-height-default\" data-id=\"f86977a\" data-element_type=\"section\" data-e-type=\"section\">\n\t\t\t\t\t\t<div class=\"elementor-container elementor-column-gap-wider\">\n\t\t\t\t\t<div class=\"elementor-column elementor-col-50 elementor-inner-column elementor-element elementor-element-b3947f3\" data-id=\"b3947f3\" data-element_type=\"column\" data-e-type=\"column\">\n\t\t\t<div class=\"elementor-widget-wrap elementor-element-populated\">\n\t\t\t\t\t\t<div class=\"elementor-element elementor-element-8a5eb32 elementor-widget elementor-widget-image\" data-id=\"8a5eb32\" data-element_type=\"widget\" data-e-type=\"widget\" data-widget_type=\"image.default\">\n\t\t\t\t<div class=\"elementor-widget-container\">\n\t\t\t\t\t\t\t\t\t\t\t\t\t\t\t<img decoding=\"async\" width=\"405\" height=\"84\" src=\"https:\/\/www.hex.be\/wp-content\/uploads\/2016\/04\/Hex16-partners-logoEDEN-507x106.png\" class=\"attachment-large size-large wp-image-3516\" alt=\"\" srcset=\"https:\/\/www.hex.be\/wp-content\/uploads\/2016\/04\/Hex16-partners-logoEDEN-507x106.png 405w, https:\/\/www.hex.be\/wp-content\/uploads\/2016\/04\/Hex16-partners-logoEDEN-507x106-300x62.png 300w\" sizes=\"(max-width: 405px) 100vw, 405px\" \/>\t\t\t\t\t\t\t\t\t\t\t\t\t\t\t<\/div>\n\t\t\t\t<\/div>\n\t\t\t\t<div class=\"elementor-element elementor-element-d5f3340 elementor-widget elementor-widget-text-editor\" data-id=\"d5f3340\" data-element_type=\"widget\" data-e-type=\"widget\" data-widget_type=\"text-editor.default\">\n\t\t\t\t<div class=\"elementor-widget-container\">\n\t\t\t\t\t\t\t\t\t<p><span style=\"font-family: Barlow, sans-serif;font-size: 18px;font-style: normal;font-weight: 400\">Tuinen van Eden est l\u2019un des principaux magazines de jardin d\u2019Europe et est publi\u00e9 en fran\u00e7ais et en n\u00e9erlandais. Tuinen van Eden repr\u00e9sente la qualit\u00e9 mat\u00e9rielle des articles et une \u00e9dition sans faille. En 2015, Tuinen van Eden a rejoint le groupe restreint de partenaires Hex.<\/span><\/p>\t\t\t\t\t\t\t\t<\/div>\n\t\t\t\t<\/div>\n\t\t\t\t\t<\/div>\n\t\t<\/div>\n\t\t\t\t<div class=\"elementor-column elementor-col-50 elementor-inner-column elementor-element elementor-element-3c4b3b2\" data-id=\"3c4b3b2\" data-element_type=\"column\" data-e-type=\"column\">\n\t\t\t<div class=\"elementor-widget-wrap elementor-element-populated\">\n\t\t\t\t\t\t<div class=\"elementor-element elementor-element-f7d6e2a elementor-widget elementor-widget-image\" data-id=\"f7d6e2a\" data-element_type=\"widget\" data-e-type=\"widget\" data-widget_type=\"image.default\">\n\t\t\t\t<div class=\"elementor-widget-container\">\n\t\t\t\t\t\t\t\t\t\t\t\t\t\t\t<img fetchpriority=\"high\" decoding=\"async\" width=\"911\" height=\"768\" src=\"https:\/\/www.hex.be\/wp-content\/uploads\/2015\/06\/Taittinger_300dpi.jpg\" class=\"attachment-large size-large wp-image-2132\" alt=\"\" srcset=\"https:\/\/www.hex.be\/wp-content\/uploads\/2015\/06\/Taittinger_300dpi.jpg 911w, https:\/\/www.hex.be\/wp-content\/uploads\/2015\/06\/Taittinger_300dpi-600x506.jpg 600w, https:\/\/www.hex.be\/wp-content\/uploads\/2015\/06\/Taittinger_300dpi-300x253.jpg 300w, https:\/\/www.hex.be\/wp-content\/uploads\/2015\/06\/Taittinger_300dpi-768x647.jpg 768w\" sizes=\"(max-width: 911px) 100vw, 911px\" \/>\t\t\t\t\t\t\t\t\t\t\t\t\t\t\t<\/div>\n\t\t\t\t<\/div>\n\t\t\t\t<div class=\"elementor-element elementor-element-14afcfe elementor-widget elementor-widget-text-editor\" data-id=\"14afcfe\" data-element_type=\"widget\" data-e-type=\"widget\" data-widget_type=\"text-editor.default\">\n\t\t\t\t<div class=\"elementor-widget-container\">\n\t\t\t\t\t\t\t\t\t<p><span style=\"font-family: Barlow, sans-serif;font-size: 18px;font-style: normal;font-weight: 400\">Hex est fier de compter la prestigieuse maison de champagne fran\u00e7aise Taittinger parmi ses partenaires commerciaux depuis 2015. Le Champagne Taittinger existe depuis 1734 et, \u00e0 l&#039;instar de son partenaire Hex, est synonyme d&#039;histoire, de qualit\u00e9 et d&#039;\u00e9l\u00e9gance.<\/span><\/p>\t\t\t\t\t\t\t\t<\/div>\n\t\t\t\t<\/div>\n\t\t\t\t\t<\/div>\n\t\t<\/div>\n\t\t\t\t\t<\/div>\n\t\t<\/section>\n\t\t\t\t<section class=\"elementor-section elementor-inner-section elementor-element elementor-element-c46faf2 elementor-section-boxed elementor-section-height-default elementor-section-height-default\" data-id=\"c46faf2\" data-element_type=\"section\" data-e-type=\"section\">\n\t\t\t\t\t\t<div class=\"elementor-container elementor-column-gap-wider\">\n\t\t\t\t\t<div class=\"elementor-column elementor-col-100 elementor-inner-column elementor-element elementor-element-531a571\" data-id=\"531a571\" data-element_type=\"column\" data-e-type=\"column\">\n\t\t\t<div class=\"elementor-widget-wrap elementor-element-populated\">\n\t\t\t\t\t\t<div class=\"elementor-element elementor-element-12295d3 elementor-widget elementor-widget-image\" data-id=\"12295d3\" data-element_type=\"widget\" data-e-type=\"widget\" data-widget_type=\"image.default\">\n\t\t\t\t<div class=\"elementor-widget-container\">\n\t\t\t\t\t\t\t\t\t\t\t\t\t\t\t<img decoding=\"async\" width=\"300\" height=\"284\" src=\"https:\/\/www.hex.be\/wp-content\/uploads\/2020\/05\/substral_Naturen-300x284.png\" class=\"attachment-medium size-medium wp-image-10550\" alt=\"\" srcset=\"https:\/\/www.hex.be\/wp-content\/uploads\/2020\/05\/substral_Naturen-300x284.png 300w, https:\/\/www.hex.be\/wp-content\/uploads\/2020\/05\/substral_Naturen.png 442w\" sizes=\"(max-width: 300px) 100vw, 300px\" \/>\t\t\t\t\t\t\t\t\t\t\t\t\t\t\t<\/div>\n\t\t\t\t<\/div>\n\t\t\t\t<div class=\"elementor-element elementor-element-a4fac89 elementor-widget elementor-widget-text-editor\" data-id=\"a4fac89\" data-element_type=\"widget\" data-e-type=\"widget\" data-widget_type=\"text-editor.default\">\n\t\t\t\t<div class=\"elementor-widget-container\">\n\t\t\t\t\t\t\t\t\t<p><span style=\"font-family: Barlow, sans-serif;font-size: 18px;font-style: normal;font-weight: 400\">Naturen distribue une large gamme de produits biologiques pour le jardin : engrais, terreaux, amendements et produits phytosanitaires biologiques pour l'amateur. En tant que sponsor d'Hex, Naturen fait don de tous les produits biologiques pour l'entretien des jardins, et du potager en particulier.<\/span><\/p>\t\t\t\t\t\t\t\t<\/div>\n\t\t\t\t<\/div>\n\t\t\t\t\t<\/div>\n\t\t<\/div>\n\t\t\t\t\t<\/div>\n\t\t<\/section>\n\t\t\t\t<section class=\"elementor-section elementor-inner-section elementor-element elementor-element-ded3175 elementor-section-boxed elementor-section-height-default elementor-section-height-default\" data-id=\"ded3175\" data-element_type=\"section\" data-e-type=\"section\">\n\t\t\t\t\t\t<div class=\"elementor-container elementor-column-gap-wider\">\n\t\t\t\t\t<div class=\"elementor-column elementor-col-50 elementor-inner-column elementor-element elementor-element-f1693b4\" data-id=\"f1693b4\" data-element_type=\"column\" data-e-type=\"column\">\n\t\t\t<div class=\"elementor-widget-wrap elementor-element-populated\">\n\t\t\t\t\t\t<div class=\"elementor-element elementor-element-30d8203 elementor-widget elementor-widget-image\" data-id=\"30d8203\" data-element_type=\"widget\" data-e-type=\"widget\" data-widget_type=\"image.default\">\n\t\t\t\t<div class=\"elementor-widget-container\">\n\t\t\t\t\t\t\t\t\t\t\t\t\t\t\t<img loading=\"lazy\" decoding=\"async\" width=\"1246\" height=\"637\" src=\"https:\/\/www.hex.be\/wp-content\/uploads\/2022\/01\/tuinenDaenen.jpg\" class=\"attachment-1536x1536 size-1536x1536 wp-image-24619\" alt=\"\" srcset=\"https:\/\/www.hex.be\/wp-content\/uploads\/2022\/01\/tuinenDaenen.jpg 1246w, https:\/\/www.hex.be\/wp-content\/uploads\/2022\/01\/tuinenDaenen-300x153.jpg 300w, https:\/\/www.hex.be\/wp-content\/uploads\/2022\/01\/tuinenDaenen-1024x524.jpg 1024w, https:\/\/www.hex.be\/wp-content\/uploads\/2022\/01\/tuinenDaenen-768x393.jpg 768w, https:\/\/www.hex.be\/wp-content\/uploads\/2022\/01\/tuinenDaenen-18x9.jpg 18w, https:\/\/www.hex.be\/wp-content\/uploads\/2022\/01\/tuinenDaenen-600x307.jpg 600w\" sizes=\"(max-width: 1246px) 100vw, 1246px\" \/>\t\t\t\t\t\t\t\t\t\t\t\t\t\t\t<\/div>\n\t\t\t\t<\/div>\n\t\t\t\t<div class=\"elementor-element elementor-element-087d879 elementor-widget elementor-widget-text-editor\" data-id=\"087d879\" data-element_type=\"widget\" data-e-type=\"widget\" data-widget_type=\"text-editor.default\">\n\t\t\t\t<div class=\"elementor-widget-container\">\n\t\t\t\t\t\t\t\t\t<p>Depuis des ann\u00e9es, Tuinen Daenen est notre fid\u00e8le partenaire pour l'entretien des espaces verts. Les jardiniers Daenen se chargent de tailler les haies du jardin fran\u00e7ais et des terrasses. L'architecte paysagiste Pieter Daenen, de BuroLandschap, fait \u00e9galement sortir les jardins d'Hex. Une fascinante fertilisation crois\u00e9e a eu lieu, gr\u00e2ce \u00e0 laquelle l'expertise d'Hex est d\u00e9sormais \u00e9galement diffus\u00e9e dans des projets publics et des jardins priv\u00e9s dans tout le pays. Int\u00e9ress\u00e9 ? Contact <a href=\"http:\/\/www.burolandschap.be\" target=\"_blank\" rel=\"noopener nofollow\">Paysage buro<\/a>.<\/p>\t\t\t\t\t\t\t\t<\/div>\n\t\t\t\t<\/div>\n\t\t\t\t\t<\/div>\n\t\t<\/div>\n\t\t\t\t<div class=\"elementor-column elementor-col-50 elementor-inner-column elementor-element elementor-element-f40cd39\" data-id=\"f40cd39\" data-element_type=\"column\" data-e-type=\"column\">\n\t\t\t<div class=\"elementor-widget-wrap\">\n\t\t\t\t\t\t\t<\/div>\n\t\t<\/div>\n\t\t\t\t\t<\/div>\n\t\t<\/section>\n\t\t\t\t\t<\/div>\n\t\t<\/div>\n\t\t\t\t\t<\/div>\n\t\t<\/section>\n\t\t\t\t<\/div>","protected":false},"excerpt":{"rendered":"<p>Partners Hex streeft sinds 250 jaar naar uitmuntendheid, en neemt een belangrijke plaats in de maatschappij in vanwege haar bijdrage tot\u00a0het cultureel erfgoed, de horticultuur in het bijzonder en de instandhouding van de\u00a0natuur in dit land. Samen met de bedrijfswereld wensen haar bewoners het landgoed op zijn best te handhaven met respect voor haar intrinsieke [&hellip;]<\/p>\n","protected":false},"author":10,"featured_media":0,"parent":0,"menu_order":0,"comment_status":"closed","ping_status":"closed","template":"","meta":{"_acf_changed":false,"site-sidebar-layout":"default","site-content-layout":"default","ast-site-content-layout":"default","site-content-style":"default","site-sidebar-style":"default","ast-global-header-display":"","ast-banner-title-visibility":"","ast-main-header-display":"","ast-hfb-above-header-display":"","ast-hfb-below-header-display":"","ast-hfb-mobile-header-display":"","site-post-title":"","ast-breadcrumbs-content":"","ast-featured-img":"","footer-sml-layout":"","ast-disable-related-posts":"","theme-transparent-header-meta":"default","adv-header-id-meta":"","stick-header-meta":"default","header-above-stick-meta":"","header-main-stick-meta":"","header-below-stick-meta":"","astra-migrate-meta-layouts":"default","ast-page-background-enabled":"default","ast-page-background-meta":{"desktop":{"background-color":"","background-image":"","background-repeat":"repeat","background-position":"center center","background-size":"auto","background-attachment":"scroll","background-type":"","background-media":"","overlay-type":"","overlay-color":"","overlay-opacity":"","overlay-gradient":""},"tablet":{"background-color":"","background-image":"","background-repeat":"repeat","background-position":"center center","background-size":"auto","background-attachment":"scroll","background-type":"","background-media":"","overlay-type":"","overlay-color":"","overlay-opacity":"","overlay-gradient":""},"mobile":{"background-color":"","background-image":"","background-repeat":"repeat","background-position":"center center","background-size":"auto","background-attachment":"scroll","background-type":"","background-media":"","overlay-type":"","overlay-color":"","overlay-opacity":"","overlay-gradient":""}},"ast-content-background-meta":{"desktop":{"background-color":"var(--ast-global-color-5)","background-image":"","background-repeat":"repeat","background-position":"center center","background-size":"auto","background-attachment":"scroll","background-type":"","background-media":"","overlay-type":"","overlay-color":"","overlay-opacity":"","overlay-gradient":""},"tablet":{"background-color":"var(--ast-global-color-5)","background-image":"","background-repeat":"repeat","background-position":"center center","background-size":"auto","background-attachment":"scroll","background-type":"","background-media":"","overlay-type":"","overlay-color":"","overlay-opacity":"","overlay-gradient":""},"mobile":{"background-color":"var(--ast-global-color-5)","background-image":"","background-repeat":"repeat","background-position":"center center","background-size":"auto","background-attachment":"scroll","background-type":"","background-media":"","overlay-type":"","overlay-color":"","overlay-opacity":"","overlay-gradient":""}},"_price":"","_stock":"","_tribe_ticket_header":"","_tribe_default_ticket_provider":"","_tribe_ticket_capacity":"0","_ticket_start_date":"","_ticket_end_date":"","_tribe_ticket_show_description":"","_tribe_ticket_show_not_going":false,"_tribe_ticket_use_global_stock":"","_tribe_ticket_global_stock_level":"","_global_stock_mode":"","_global_stock_cap":"","_tribe_rsvp_for_event":"","_tribe_ticket_going_count":"","_tribe_ticket_not_going_count":"","_tribe_tickets_list":"[]","_tribe_ticket_has_attendee_info_fields":false,"footnotes":"","_tec_slr_enabled":"","_tec_slr_layout":""},"class_list":["post-25","page","type-page","status-publish","hentry"],"acf":[],"ticketed":false,"_links":{"self":[{"href":"https:\/\/www.hex.be\/fr\/wp-json\/wp\/v2\/pages\/25","targetHints":{"allow":["GET"]}}],"collection":[{"href":"https:\/\/www.hex.be\/fr\/wp-json\/wp\/v2\/pages"}],"about":[{"href":"https:\/\/www.hex.be\/fr\/wp-json\/wp\/v2\/types\/page"}],"author":[{"embeddable":true,"href":"https:\/\/www.hex.be\/fr\/wp-json\/wp\/v2\/users\/10"}],"replies":[{"embeddable":true,"href":"https:\/\/www.hex.be\/fr\/wp-json\/wp\/v2\/comments?post=25"}],"version-history":[{"count":13,"href":"https:\/\/www.hex.be\/fr\/wp-json\/wp\/v2\/pages\/25\/revisions"}],"predecessor-version":[{"id":24632,"href":"https:\/\/www.hex.be\/fr\/wp-json\/wp\/v2\/pages\/25\/revisions\/24632"}],"wp:attachment":[{"href":"https:\/\/www.hex.be\/fr\/wp-json\/wp\/v2\/media?parent=25"}],"curies":[{"name":"wp","href":"https:\/\/api.w.org\/{rel}","templated":true}]}}