{"id":194,"date":"2014-04-01T14:32:28","date_gmt":"2014-04-01T13:32:28","guid":{"rendered":"http:\/\/www.detuinenvanhex.be\/?page_id=194"},"modified":"2019-02-17T19:28:32","modified_gmt":"2019-02-17T18:28:32","slug":"pers","status":"publish","type":"page","link":"https:\/\/www.hex.be\/fr\/pers\/","title":{"rendered":"Presse"},"content":{"rendered":"<div data-elementor-type=\"wp-post\" data-elementor-id=\"194\" class=\"elementor elementor-194 elementor-bc-flex-widget\" data-elementor-post-type=\"page\">\n\t\t\t\t\t\t<section class=\"elementor-section elementor-top-section elementor-element elementor-element-78e746b0 elementor-section-height-min-height wbm-hero elementor-section-boxed elementor-section-height-default elementor-section-items-middle\" data-id=\"78e746b0\" data-element_type=\"section\" data-e-type=\"section\" data-settings=\"{&quot;background_background&quot;:&quot;classic&quot;}\">\n\t\t\t\t\t\t\t<div class=\"elementor-background-overlay\"><\/div>\n\t\t\t\t\t\t\t<div class=\"elementor-container elementor-column-gap-default\">\n\t\t\t\t\t<div class=\"elementor-column elementor-col-100 elementor-top-column elementor-element elementor-element-4f1b281c\" data-id=\"4f1b281c\" data-element_type=\"column\" data-e-type=\"column\">\n\t\t\t<div class=\"elementor-widget-wrap\">\n\t\t\t\t\t\t\t<\/div>\n\t\t<\/div>\n\t\t\t\t\t<\/div>\n\t\t<\/section>\n\t\t\t\t<section class=\"elementor-section elementor-top-section elementor-element elementor-element-2c95c432 cw_medium elementor-section-full_width elementor-section-height-default elementor-section-height-default\" data-id=\"2c95c432\" data-element_type=\"section\" data-e-type=\"section\">\n\t\t\t\t\t\t<div class=\"elementor-container elementor-column-gap-default\">\n\t\t\t\t\t<div class=\"elementor-column elementor-col-100 elementor-top-column elementor-element elementor-element-154a7d87\" data-id=\"154a7d87\" data-element_type=\"column\" data-e-type=\"column\">\n\t\t\t<div class=\"elementor-widget-wrap elementor-element-populated\">\n\t\t\t\t\t\t<div class=\"elementor-element elementor-element-5390d37 elementor-widget elementor-widget-heading\" data-id=\"5390d37\" data-element_type=\"widget\" data-e-type=\"widget\" data-widget_type=\"heading.default\">\n\t\t\t\t<div class=\"elementor-widget-container\">\n\t\t\t\t\t<h1 class=\"elementor-heading-title elementor-size-default\">Presse<\/h1>\t\t\t\t<\/div>\n\t\t\t\t<\/div>\n\t\t\t\t<div class=\"elementor-element elementor-element-51efd530 elementor-widget elementor-widget-text-editor\" data-id=\"51efd530\" data-element_type=\"widget\" data-e-type=\"widget\" data-widget_type=\"text-editor.default\">\n\t\t\t\t<div class=\"elementor-widget-container\">\n\t\t\t\t\t\t\t\t\t<h2>HEX dans la presse \u00e9crite<\/h2><p><span style=\"color: #000000;\">Nos photos sont r\u00e9guli\u00e8rement utilis\u00e9es pour illustrer des articles de journaux ou de magazines.<\/span><\/p><p><span style=\"color: #000000;\">G\u00e9n\u00e9ralement, ces photos sont bas\u00e9es sur les versions haute r\u00e9solution des photos que vous trouvez sur notre site Web et qui sont souvent prises par des photographes professionnels.<\/span><\/p><p><span style=\"color: #000000;\">Vous recherchez une image claire et agr\u00e9able pour votre publication, nous souhaitons la rendre disponible ou vous mettre en contact avec le fabricant. Beaucoup de nos photographies sont libres d&#039;utilisation avec les droits d&#039;auteur photographe \/ Hex. Pour plus de clart\u00e9, s&#039;il vous pla\u00eet contactez-nous d&#039;abord.<\/span><\/p><h2><span style=\"color: #000000;\">HEX dans les publications en ligne<\/span><\/h2><p><span style=\"color: #000000; font-size: 18px;\">Les photos (ou vid\u00e9os) de Hex peuvent \u00eatre utilis\u00e9es dans diff\u00e9rentes r\u00e9solutions pour des pr\u00e9sentations num\u00e9riques, \u00e0 condition qu\u2019elles soient li\u00e9es \u00e0 un lien num\u00e9rique direct vers notre site Web et sa source.<\/span><\/p><h2 style=\"font-size: 1.55556rem; font-style: normal;\"><span style=\"font-size: 28px; color: #000000;\">Faites conna\u00eetre vos souhaits<\/span><\/h2><p><span style=\"color: #000000; font-size: 18px;\">Voulez-vous une image sp\u00e9cifique pour votre publication: une photo de saison, un portrait particulier de plante, une boucle de jardin ou une image historique? N&#039;h\u00e9sitez pas \u00e0 nous contacter. Peut-\u00eatre que la photo que vous recherchez se trouve dans notre vaste phototh\u00e8que.<\/span><\/p><h2 style=\"font-size: 1.55556rem; font-style: normal;\"><span style=\"font-size: 28px; color: #000000;\">Bienvenue chez Hex<\/span><\/h2><p><span style=\"color: #000000; font-size: 18px;\">Souhaitez-vous prendre rendez-vous pour une interview, un enregistrement ou un reportage photo? C&#039;est possible! L\u2019exp\u00e9rience nous montre que les plus belles productions sont \u00e9labor\u00e9es en \u00e9troite concertation avec les habitants et les jardiniers du ch\u00e2teau.<\/span><\/p><p><span style=\"color: #000000; font-size: 18px;\">Envoyer un mail \u00e0 <\/span><a style=\"font-size: 18px; background-color: #fbfbfb;\" href=\"mailto:gardens@hex.be\">gardens@hex.be<\/a><span style=\"color: #000000; font-size: 18px;\">\u00a0et nous vous contacterons.<\/span><\/p><h2 style=\"font-size: 1.55556rem; font-style: normal;\"><span style=\"font-size: 28px; color: #000000;\">Recevoir automatiquement des informations pour la presse<\/span><\/h2><p><span style=\"color: #000000; font-size: 18px;\">Remplis-le vite <\/span><a style=\"font-size: 18px; background-color: #fbfbfb;\" href=\"\/fr\/contact\/\">formulaire de contact<\/a><span style=\"color: #000000; font-size: 18px;\"> Nous int\u00e9grons vos donn\u00e9es dans notre dossier de presse pour les communiqu\u00e9s de presse.<\/span><\/p><h2 style=\"font-size: 1.55556rem; font-style: normal;\"><span style=\"font-size: 28px; color: #000000;\">Restez inform\u00e9 des d\u00e9veloppements chez Hex<\/span><\/h2><p><span style=\"color: #000000; font-size: 18px;\">Abonnez-vous \u00e0 notre newsletter et recevez-la plusieurs fois par an avec l&#039;annonce de nos \u00e9v\u00e9nements, activit\u00e9s \u00e9ducatives et autres \u00e9v\u00e9nements sp\u00e9ciaux. Suivez-nous dans tous les cas \u00e9galement gr\u00e2ce \u00e0 notre <\/span><a style=\"font-size: 18px; background-color: #fbfbfb;\" href=\"https:\/\/www.facebook.com\/hex.be\/\" target=\"_blank\" rel=\"noopener noreferrer nofollow\">page facebook\u00a0\u00a0<\/a><span style=\"color: #000000; font-size: 18px;\">ou sur instagram.<\/span><\/p><h2 style=\"font-size: 1.55556rem; font-style: normal;\"><span style=\"font-size: 28px; color: #000000;\">Cr\u00e9dits photo<\/span><\/h2><p><span style=\"font-size: 18px; color: #000000;\">Hex souhaite remercier tous les photographes qui ont bien voulu mettre leur mat\u00e9riel visuel \u00e0 la disposition de Hex, notamment:\u00a0<\/span><a style=\"font-size: 18px; background-color: #fbfbfb; color: #000000;\" href=\"http:\/\/denieuwetuin.be\/55-basisboeken\" target=\"_blank\" rel=\"noopener noreferrer nofollow\">Peter Bauwens<\/a><span style=\"font-size: 18px; color: #000000;\">, <\/span><a style=\"font-size: 18px; background-color: #fbfbfb; color: #000000;\" title=\"au site des roses de Peter Beales\" href=\"http:\/\/www.classicroses.co.uk\/index.php\" target=\"_blank\" rel=\"noopener noreferrer nofollow\">Peter Beales<\/a><span style=\"font-size: 18px; color: #000000;\">Robert Calkin, <\/span><a style=\"font-size: 18px; background-color: #fbfbfb; color: #000000;\" title=\"vers le site de Tom le Dorlodot\" href=\"http:\/\/www.thomasdedorlodot.com\/\" target=\"_blank\" rel=\"noopener noreferrer nofollow\">Tom de Dorlodot<\/a><span style=\"font-size: 18px; color: #000000;\">Jean-Pierre Gabri\u00ebl, <\/span><a style=\"font-size: 18px; background-color: #fbfbfb; color: #000000;\" href=\"http:\/\/www.jasoningram.co.uk\/gardens\/kasteel-hex-kitchen-garden\/\" target=\"_blank\" rel=\"noopener noreferrer nofollow\">Jason Ingram<\/a><span style=\"font-size: 18px; color: #000000;\">, Milton Nurse, Gilles et Jo\u00eblle Le Scanff-Mayer, Marc Segond, Michel Timacheff, Claudia Timman, Kris Vandevorst, <\/span><a style=\"font-size: 18px; background-color: #fbfbfb; color: #000000;\" title=\"vers le site web de Gert Tabak\" href=\"http:\/\/www.gerttabak.com\/index\/14898607_home.html\" target=\"_blank\" rel=\"noopener noreferrer nofollow\">Gert Tabak<\/a><span style=\"font-size: 18px; color: #000000;\">, <\/span><a style=\"font-size: 18px; background-color: #fbfbfb; color: #000000;\" title=\"au site web de PSG Studio\" href=\"http:\/\/psgstudio.be\/\" target=\"_blank\" rel=\"noopener noreferrer nofollow\">Kris Dimitriadis<\/a><span style=\"font-size: 18px; color: #000000;\"> et <\/span><a style=\"font-size: 18px; background-color: #fbfbfb; color: #000000;\" title=\"au site web de Rogers Roses\" href=\"http:\/\/www.rogersroses.com\/\" target=\"_blank\" rel=\"noopener noreferrer nofollow\">Roger Phillips<\/a><span style=\"font-size: 18px; color: #000000;\">.<\/span><\/p><p style=\"text-align: right;\"><a href=\"\/fr\/\">{RETOUR \u00c0 BIENVENUE}<\/a><\/p><p style=\"text-align: right;\"><img fetchpriority=\"high\" decoding=\"async\" src=\"\/wp-content\/uploads\/2014\/04\/Hex-310-impressieSep-746x150-copyright-Hex-Marc-Segond.jpg\" alt=\"\" width=\"746\" height=\"150\" \/><\/p><p><img decoding=\"async\" src=\"\/wp-content\/uploads\/2014\/03\/Hex-272-rozencollectie-742x210-copyright-Hex.jpg\" alt=\"\" width=\"812\" height=\"230\" \/><\/p><p><a href=\"\/fr\/\">\u00a0<\/a><\/p>\t\t\t\t\t\t\t\t<\/div>\n\t\t\t\t<\/div>\n\t\t\t\t\t<\/div>\n\t\t<\/div>\n\t\t\t\t\t<\/div>\n\t\t<\/section>\n\t\t\t\t<\/div>","protected":false},"excerpt":{"rendered":"<p>Pers HEX in de gedrukte pers Onze foto&#8217;s worden regelmatig gebruikt om artikels in dagbladen of tijdschriften te illustreren. Meestal zijn deze foto&#8217;s gebaseerd op de hoog-resolutie versies van de foto&#8217;s die je op onze website aantreft en die vaak door vakfotografen zijn gemaakt. Ben je voor je publicatie op zoek naar een mooi en [&hellip;]<\/p>\n","protected":false},"author":10,"featured_media":0,"parent":0,"menu_order":0,"comment_status":"closed","ping_status":"closed","template":"","meta":{"_acf_changed":false,"site-sidebar-layout":"default","site-content-layout":"default","ast-site-content-layout":"default","site-content-style":"default","site-sidebar-style":"default","ast-global-header-display":"","ast-banner-title-visibility":"","ast-main-header-display":"","ast-hfb-above-header-display":"","ast-hfb-below-header-display":"","ast-hfb-mobile-header-display":"","site-post-title":"disabled","ast-breadcrumbs-content":"","ast-featured-img":"","footer-sml-layout":"","ast-disable-related-posts":"","theme-transparent-header-meta":"default","adv-header-id-meta":"","stick-header-meta":"default","header-above-stick-meta":"","header-main-stick-meta":"","header-below-stick-meta":"","astra-migrate-meta-layouts":"default","ast-page-background-enabled":"default","ast-page-background-meta":{"desktop":{"background-color":"","background-image":"","background-repeat":"repeat","background-position":"center center","background-size":"auto","background-attachment":"scroll","background-type":"","background-media":"","overlay-type":"","overlay-color":"","overlay-opacity":"","overlay-gradient":""},"tablet":{"background-color":"","background-image":"","background-repeat":"repeat","background-position":"center center","background-size":"auto","background-attachment":"scroll","background-type":"","background-media":"","overlay-type":"","overlay-color":"","overlay-opacity":"","overlay-gradient":""},"mobile":{"background-color":"","background-image":"","background-repeat":"repeat","background-position":"center center","background-size":"auto","background-attachment":"scroll","background-type":"","background-media":"","overlay-type":"","overlay-color":"","overlay-opacity":"","overlay-gradient":""}},"ast-content-background-meta":{"desktop":{"background-color":"var(--ast-global-color-5)","background-image":"","background-repeat":"repeat","background-position":"center center","background-size":"auto","background-attachment":"scroll","background-type":"","background-media":"","overlay-type":"","overlay-color":"","overlay-opacity":"","overlay-gradient":""},"tablet":{"background-color":"var(--ast-global-color-5)","background-image":"","background-repeat":"repeat","background-position":"center center","background-size":"auto","background-attachment":"scroll","background-type":"","background-media":"","overlay-type":"","overlay-color":"","overlay-opacity":"","overlay-gradient":""},"mobile":{"background-color":"var(--ast-global-color-5)","background-image":"","background-repeat":"repeat","background-position":"center center","background-size":"auto","background-attachment":"scroll","background-type":"","background-media":"","overlay-type":"","overlay-color":"","overlay-opacity":"","overlay-gradient":""}},"_price":"","_stock":"","_tribe_ticket_header":"","_tribe_default_ticket_provider":"","_ticket_start_date":"","_ticket_end_date":"","_tribe_ticket_show_description":"","_tribe_ticket_show_not_going":false,"_tribe_ticket_use_global_stock":"","_tribe_ticket_global_stock_level":"","_global_stock_mode":"","_global_stock_cap":"","_tribe_rsvp_for_event":"","_tribe_ticket_going_count":"","_tribe_ticket_not_going_count":"","_tribe_tickets_list":"[]","_tribe_ticket_has_attendee_info_fields":false,"footnotes":"","_tec_slr_enabled":"","_tec_slr_layout":""},"class_list":["post-194","page","type-page","status-publish","hentry"],"acf":[],"ticketed":false,"_links":{"self":[{"href":"https:\/\/www.hex.be\/fr\/wp-json\/wp\/v2\/pages\/194","targetHints":{"allow":["GET"]}}],"collection":[{"href":"https:\/\/www.hex.be\/fr\/wp-json\/wp\/v2\/pages"}],"about":[{"href":"https:\/\/www.hex.be\/fr\/wp-json\/wp\/v2\/types\/page"}],"author":[{"embeddable":true,"href":"https:\/\/www.hex.be\/fr\/wp-json\/wp\/v2\/users\/10"}],"replies":[{"embeddable":true,"href":"https:\/\/www.hex.be\/fr\/wp-json\/wp\/v2\/comments?post=194"}],"version-history":[{"count":0,"href":"https:\/\/www.hex.be\/fr\/wp-json\/wp\/v2\/pages\/194\/revisions"}],"wp:attachment":[{"href":"https:\/\/www.hex.be\/fr\/wp-json\/wp\/v2\/media?parent=194"}],"curies":[{"name":"wp","href":"https:\/\/api.w.org\/{rel}","templated":true}]}}