{"id":10556,"date":"2020-05-10T20:14:48","date_gmt":"2020-05-10T18:14:48","guid":{"rendered":"https:\/\/hex.webmatic.be\/disclaimer-2\/"},"modified":"2026-04-21T09:10:32","modified_gmt":"2026-04-21T07:10:32","slug":"disclaimer","status":"publish","type":"page","link":"https:\/\/www.hex.be\/fr\/disclaimer\/","title":{"rendered":"Disclaimer"},"content":{"rendered":"<div data-elementor-type=\"wp-page\" data-elementor-id=\"10556\" class=\"elementor elementor-10556\" data-elementor-post-type=\"page\">\n\t\t\t\t\t\t<section class=\"elementor-section elementor-top-section elementor-element elementor-element-b578dba elementor-section-height-min-height wbm-hero elementor-section-boxed elementor-section-height-default elementor-section-items-middle\" data-id=\"b578dba\" data-element_type=\"section\" data-e-type=\"section\" data-settings=\"{&quot;background_background&quot;:&quot;classic&quot;}\">\n\t\t\t\t\t\t\t<div class=\"elementor-background-overlay\"><\/div>\n\t\t\t\t\t\t\t<div class=\"elementor-container elementor-column-gap-default\">\n\t\t\t\t\t<div class=\"elementor-column elementor-col-100 elementor-top-column elementor-element elementor-element-9e48a76\" data-id=\"9e48a76\" data-element_type=\"column\" data-e-type=\"column\">\n\t\t\t<div class=\"elementor-widget-wrap\">\n\t\t\t\t\t\t\t<\/div>\n\t\t<\/div>\n\t\t\t\t\t<\/div>\n\t\t<\/section>\n\t\t\t\t<section class=\"elementor-section elementor-top-section elementor-element elementor-element-cf5bb8d cw_medium elementor-section-boxed elementor-section-height-default elementor-section-height-default\" data-id=\"cf5bb8d\" data-element_type=\"section\" data-e-type=\"section\">\n\t\t\t\t\t\t<div class=\"elementor-container elementor-column-gap-default\">\n\t\t\t\t\t<div class=\"elementor-column elementor-col-100 elementor-top-column elementor-element elementor-element-5f96646f\" data-id=\"5f96646f\" data-element_type=\"column\" data-e-type=\"column\">\n\t\t\t<div class=\"elementor-widget-wrap elementor-element-populated\">\n\t\t\t\t\t\t<div class=\"elementor-element elementor-element-d02baff elementor-widget elementor-widget-heading\" data-id=\"d02baff\" data-element_type=\"widget\" data-e-type=\"widget\" data-widget_type=\"heading.default\">\n\t\t\t\t<div class=\"elementor-widget-container\">\n\t\t\t\t\t<h1 class=\"elementor-heading-title elementor-size-default\">Disclaimer<\/h1>\t\t\t\t<\/div>\n\t\t\t\t<\/div>\n\t\t\t\t<div class=\"elementor-element elementor-element-4357850d elementor-widget elementor-widget-shortcode\" data-id=\"4357850d\" data-element_type=\"widget\" data-e-type=\"widget\" data-widget_type=\"shortcode.default\">\n\t\t\t\t<div class=\"elementor-widget-container\">\n\t\t\t\t\t\t\t<div class=\"elementor-shortcode\">\n<!-- Legal document generated by Complianz | GDPR\/CCPA Cookie Consent https:\/\/wordpress.org\/plugins\/complianz-gdpr -->\n<div id=\"cmplz-document\" class=\"cmplz-document disclaimer cmplz-document-all\"><p>Urselia BV s'engage \u00e0 maintenir ce site web \u00e0 jour en temps et en heure. Si, toutefois, vous rencontrez un probl\u00e8me ou des donn\u00e9es obsol\u00e8tes, nous vous serons reconnaissants de nous en informer. Veuillez indiquer o\u00f9 sur le site web vous lisez les informations incorrectes. Nous nous pencherons sur cette question d\u00e8s que possible. Veuillez envoyer votre r\u00e9ponse par e-mail \u00e0 : <span class=\"cmplz-obfuscate\">&#105;n&#102;o@<span class=\"cmplz-fmail-domain\">e&#120;&#046;&#099;&#111;&#109;<\/span>&#104;&#101;&#120;.&#098;&#101;<\/span>.<\/p><p>Nous ne sommes pas responsables des pertes r\u00e9sultant d'inexactitudes ou d'omissions, ni des pertes r\u00e9sultant de probl\u00e8mes caus\u00e9s par ou inh\u00e9rents \u00e0 la diffusion d'informations via Internet, tels que des pannes ou des interruptions. Lorsque nous utilisons des formulaires web, nous nous effor\u00e7ons de limiter au maximum le nombre de champs obligatoires. Pour toute perte subie \u00e0 la suite de l'utilisation de donn\u00e9es, de conseils ou d'id\u00e9es fournis par ou au nom de Urselia BV via ce site web, Urselia BV n'accepte aucune responsabilit\u00e9.<\/p><p>Les r\u00e9ponses et les demandes d'informations personnelles envoy\u00e9es par e-mail ou au moyen d'un formulaire web seront trait\u00e9es de la m\u00eame mani\u00e8re que les lettres. Cela signifie que vous pouvez attendre une r\u00e9ponse de notre part dans un d\u00e9lai d'un mois au plus tard. Dans le cas de demandes complexes, nous vous informerons dans un d\u00e9lai d'un mois si nous avons besoin d'un d\u00e9lai maximum de trois mois.<\/p><p>Toutes les donn\u00e9es personnelles que vous nous fournissez dans le cadre de votre r\u00e9ponse ou de votre demande d'information ne seront pas utilis\u00e9es, sauf conform\u00e9ment \u00e0 notre d\u00e9claration de confidentialit\u00e9.<\/p><p>Urselia BV doit faire tous les efforts possibles pour prot\u00e9ger ses syst\u00e8mes contre toute forme d'utilisation illicite. Urselia BV doit mettre en \u0153uvre les mesures techniques et organisationnelles appropri\u00e9es \u00e0 cette fin, en tenant compte, entre autres, de l'\u00e9tat de l'art. Toutefois, il ne saurait \u00eatre tenu pour responsable de quelque pr\u00e9judice que ce soit, direct et\/ou indirect, subi par un utilisateur du site web, r\u00e9sultant de l'utilisation ill\u00e9gale de ses syst\u00e8mes par une tierce partie.<\/p><p>Urselia BV d\u00e9cline toute responsabilit\u00e9 quant au contenu des sites sur lesquels un lien hypertexte ou une autre r\u00e9f\u00e9rence est faite. Les produits ou services offerts par des tierces parties sont soumis aux termes et conditions applicables de ces tierces parties.<\/p><p>Tous les droits de propri\u00e9t\u00e9 intellectuelle sur le contenu de ce site web sont la propri\u00e9t\u00e9 d'Urselia BV.<\/p><p>La copie, la diffusion et toute autre utilisation de ces documents sont interdites sans l'autorisation \u00e9crite de Urselia BV , sauf si et dans la mesure o\u00f9 le stipule une r\u00e9glementation imp\u00e9rative (telle que le droit de citer), sauf indication contraire du contenu.<\/p><p>Si vous avez des questions ou des probl\u00e8mes concernant l'accessibilit\u00e9 du site, n'h\u00e9sitez pas \u00e0 nous contacter.<\/p><\/div><\/div>\n\t\t\t\t\t\t<\/div>\n\t\t\t\t<\/div>\n\t\t\t\t\t<\/div>\n\t\t<\/div>\n\t\t\t\t\t<\/div>\n\t\t<\/section>\n\t\t\t\t<\/div>","protected":false},"excerpt":{"rendered":"<p>Disclaimer<\/p>","protected":false},"author":10,"featured_media":0,"parent":0,"menu_order":0,"comment_status":"closed","ping_status":"closed","template":"","meta":{"_acf_changed":false,"site-sidebar-layout":"default","site-content-layout":"default","ast-site-content-layout":"default","site-content-style":"default","site-sidebar-style":"default","ast-global-header-display":"","ast-banner-title-visibility":"","ast-main-header-display":"","ast-hfb-above-header-display":"","ast-hfb-below-header-display":"","ast-hfb-mobile-header-display":"","site-post-title":"","ast-breadcrumbs-content":"","ast-featured-img":"","footer-sml-layout":"","ast-disable-related-posts":"","theme-transparent-header-meta":"default","adv-header-id-meta":"","stick-header-meta":"default","header-above-stick-meta":"","header-main-stick-meta":"","header-below-stick-meta":"","astra-migrate-meta-layouts":"default","ast-page-background-enabled":"default","ast-page-background-meta":{"desktop":{"background-color":"","background-image":"","background-repeat":"repeat","background-position":"center center","background-size":"auto","background-attachment":"scroll","background-type":"","background-media":"","overlay-type":"","overlay-color":"","overlay-opacity":"","overlay-gradient":""},"tablet":{"background-color":"","background-image":"","background-repeat":"repeat","background-position":"center center","background-size":"auto","background-attachment":"scroll","background-type":"","background-media":"","overlay-type":"","overlay-color":"","overlay-opacity":"","overlay-gradient":""},"mobile":{"background-color":"","background-image":"","background-repeat":"repeat","background-position":"center center","background-size":"auto","background-attachment":"scroll","background-type":"","background-media":"","overlay-type":"","overlay-color":"","overlay-opacity":"","overlay-gradient":""}},"ast-content-background-meta":{"desktop":{"background-color":"var(--ast-global-color-5)","background-image":"","background-repeat":"repeat","background-position":"center center","background-size":"auto","background-attachment":"scroll","background-type":"","background-media":"","overlay-type":"","overlay-color":"","overlay-opacity":"","overlay-gradient":""},"tablet":{"background-color":"var(--ast-global-color-5)","background-image":"","background-repeat":"repeat","background-position":"center center","background-size":"auto","background-attachment":"scroll","background-type":"","background-media":"","overlay-type":"","overlay-color":"","overlay-opacity":"","overlay-gradient":""},"mobile":{"background-color":"var(--ast-global-color-5)","background-image":"","background-repeat":"repeat","background-position":"center center","background-size":"auto","background-attachment":"scroll","background-type":"","background-media":"","overlay-type":"","overlay-color":"","overlay-opacity":"","overlay-gradient":""}},"_price":"","_stock":"","_tribe_ticket_header":"","_tribe_default_ticket_provider":"Tribe__Tickets_Plus__Commerce__WooCommerce__Main","_tribe_ticket_capacity":"0","_ticket_start_date":"","_ticket_end_date":"","_tribe_ticket_show_description":"","_tribe_ticket_show_not_going":false,"_tribe_ticket_use_global_stock":"","_tribe_ticket_global_stock_level":"","_global_stock_mode":"","_global_stock_cap":"","_tribe_rsvp_for_event":"","_tribe_ticket_going_count":"","_tribe_ticket_not_going_count":"","_tribe_tickets_list":"[]","_tribe_ticket_has_attendee_info_fields":false,"footnotes":"","_tec_slr_enabled":"","_tec_slr_layout":""},"class_list":["post-10556","page","type-page","status-publish","hentry"],"acf":[],"ticketed":false,"_links":{"self":[{"href":"https:\/\/www.hex.be\/fr\/wp-json\/wp\/v2\/pages\/10556","targetHints":{"allow":["GET"]}}],"collection":[{"href":"https:\/\/www.hex.be\/fr\/wp-json\/wp\/v2\/pages"}],"about":[{"href":"https:\/\/www.hex.be\/fr\/wp-json\/wp\/v2\/types\/page"}],"author":[{"embeddable":true,"href":"https:\/\/www.hex.be\/fr\/wp-json\/wp\/v2\/users\/10"}],"replies":[{"embeddable":true,"href":"https:\/\/www.hex.be\/fr\/wp-json\/wp\/v2\/comments?post=10556"}],"version-history":[{"count":1,"href":"https:\/\/www.hex.be\/fr\/wp-json\/wp\/v2\/pages\/10556\/revisions"}],"predecessor-version":[{"id":39391,"href":"https:\/\/www.hex.be\/fr\/wp-json\/wp\/v2\/pages\/10556\/revisions\/39391"}],"wp:attachment":[{"href":"https:\/\/www.hex.be\/fr\/wp-json\/wp\/v2\/media?parent=10556"}],"curies":[{"name":"wp","href":"https:\/\/api.w.org\/{rel}","templated":true}]}}