{"id":102,"date":"2014-03-26T19:32:41","date_gmt":"2014-03-26T18:32:41","guid":{"rendered":"http:\/\/www.detuinenvanhex.be\/?page_id=102"},"modified":"2021-12-15T02:44:39","modified_gmt":"2021-12-15T01:44:39","slug":"geschiedenis","status":"publish","type":"page","link":"https:\/\/www.hex.be\/en\/tuinen\/geschiedenis\/","title":{"rendered":"History"},"content":{"rendered":"<div data-elementor-type=\"wp-post\" data-elementor-id=\"102\" class=\"elementor elementor-102\" data-elementor-post-type=\"page\">\n\t\t\t\t\t\t<section class=\"elementor-section elementor-top-section elementor-element elementor-element-5d6212c1 elementor-section-height-min-height wbm-hero elementor-section-boxed elementor-section-height-default elementor-section-items-middle\" data-id=\"5d6212c1\" data-element_type=\"section\" data-e-type=\"section\" data-settings=\"{&quot;background_background&quot;:&quot;classic&quot;}\">\n\t\t\t\t\t\t\t<div class=\"elementor-background-overlay\"><\/div>\n\t\t\t\t\t\t\t<div class=\"elementor-container elementor-column-gap-default\">\n\t\t\t\t\t<div class=\"elementor-column elementor-col-100 elementor-top-column elementor-element elementor-element-4f21f259\" data-id=\"4f21f259\" data-element_type=\"column\" data-e-type=\"column\">\n\t\t\t<div class=\"elementor-widget-wrap\">\n\t\t\t\t\t\t\t<\/div>\n\t\t<\/div>\n\t\t\t\t\t<\/div>\n\t\t<\/section>\n\t\t\t\t<section class=\"elementor-section elementor-top-section elementor-element elementor-element-479bdee5 cw_medium elementor-section-boxed elementor-section-height-default elementor-section-height-default\" data-id=\"479bdee5\" data-element_type=\"section\" data-e-type=\"section\">\n\t\t\t\t\t\t<div class=\"elementor-container elementor-column-gap-default\">\n\t\t\t\t\t<div class=\"elementor-column elementor-col-100 elementor-top-column elementor-element elementor-element-559160ec\" data-id=\"559160ec\" data-element_type=\"column\" data-e-type=\"column\">\n\t\t\t<div class=\"elementor-widget-wrap elementor-element-populated\">\n\t\t\t\t\t\t<div class=\"elementor-element elementor-element-84ad4b5 elementor-widget elementor-widget-heading\" data-id=\"84ad4b5\" data-element_type=\"widget\" data-e-type=\"widget\" data-widget_type=\"heading.default\">\n\t\t\t\t<div class=\"elementor-widget-container\">\n\t\t\t\t\t<h1 class=\"elementor-heading-title elementor-size-default\">Our History<\/h1>\t\t\t\t<\/div>\n\t\t\t\t<\/div>\n\t\t\t\t<div class=\"elementor-element elementor-element-3b5ca9a4 elementor-widget elementor-widget-text-editor\" data-id=\"3b5ca9a4\" data-element_type=\"widget\" data-e-type=\"widget\" data-widget_type=\"text-editor.default\">\n\t\t\t\t<div class=\"elementor-widget-container\">\n\t\t\t\t\t\t\t\t\t<p><em>Limburgs Haspengouw has a landscape with gently rolling hills, green meadows, fertile fields, orchards and tufts of forest. The Liege Prince Bishop Karel van Velbr\u00fcck chose this spacious landscape to create an earthly paradise, an &#039;Arcadia&#039; according to the taste and philosophy of the 18th century. The hill that extends above the village was equated to a large terrace on which a hunting pavilion was built, where formal or style gardens were laid out. The remaining hills formed a suitable terrain for creating a landscape park.<\/em><\/p><p><img fetchpriority=\"high\" decoding=\"async\" class=\"alignnone size-full wp-image-353\" src=\"https:\/\/www.hex.be\/wp-content\/uploads\/2014\/03\/Hex-233-kasteel-750x447-copyright-Hex-e1583881707517.jpg\" alt=\"\" width=\"746\" height=\"307\" srcset=\"https:\/\/www.hex.be\/wp-content\/uploads\/2014\/03\/Hex-233-kasteel-750x447-copyright-Hex-e1583881707517.jpg 746w, https:\/\/www.hex.be\/wp-content\/uploads\/2014\/03\/Hex-233-kasteel-750x447-copyright-Hex-e1583881707517-600x247.jpg 600w, https:\/\/www.hex.be\/wp-content\/uploads\/2014\/03\/Hex-233-kasteel-750x447-copyright-Hex-e1583881707517-300x123.jpg 300w\" sizes=\"(max-width: 746px) 100vw, 746px\" \/><\/p><blockquote><p><span style=\"text-decoration: underline\"><em><strong>A princely estate unveiled<\/strong><\/em><em><strong><br \/><\/strong><\/em><\/span><em>The art historian Chris de Maegd was the first to make an in-depth study on the history of Hex, the construction and developments of the park and the gardens - from the origins, through flourishing and turbulent times of the 19th and 20th century, to today&#039;s situation. . The story of her search for the history of the estate was published in book form in 2007, with beautiful original prints and photographs illustrated and reads like a novel.<\/em><\/p><\/blockquote><p><span style=\"color: #008000\"><strong>FROM VELBRUCK TO D&#039;URSEL<\/strong><\/span><br \/>Castle Hex was built by the prince-bishop of Li\u00e8ge, Franz-Karl von Velbr\u00fcck, in the years between 1770 and the year of his death in 1784. After his death the estate came to the Marchant d&#039;Ansembourg family by inheritance. When the last d&#039;Ansembourg died childless, the estate was inherited by the d&#039;Ursel family. The current residents are the second and third generation d&#039;Ursel on Hex. Count Ghislain and Countess St\u00e9phanie d&#039;Ursel still manage the estate in the spirit of the builder of yesteryear.<\/p><blockquote><div><span style=\"text-decoration: underline\"><em><strong>An enlightened prince<\/strong><\/em><\/span><\/div><p><em>Karel van Velbr\u00fcck was born in 1719 at the castle Garath near D\u00fcsseldorf. His family belonged to the Westphalian nobility and his parents provided for him an ecclesiastical career. After graduating from law, Velbr\u00fcck came to Li\u00e8ge as a young canon and quickly held important positions in the administration of the principality. In 1772 he was elected prince-bishop. His policy was that of an enlightened monarch, won for the ideas of freedom and tolerance. In him, arts, literature, science and education were a great promoter.<\/em><\/p><\/blockquote><p><strong><img decoding=\"async\" class=\"alignnone size-large wp-image-2146\" src=\"https:\/\/www.hex.be\/wp-content\/uploads\/2014\/04\/Hex15-Tom-de-Dorlodot-photo-015-1024x303.jpg\" alt=\"\" width=\"1024\" height=\"303\" srcset=\"https:\/\/www.hex.be\/wp-content\/uploads\/2014\/04\/Hex15-Tom-de-Dorlodot-photo-015-1024x303.jpg 1024w, https:\/\/www.hex.be\/wp-content\/uploads\/2014\/04\/Hex15-Tom-de-Dorlodot-photo-015-600x177.jpg 600w, https:\/\/www.hex.be\/wp-content\/uploads\/2014\/04\/Hex15-Tom-de-Dorlodot-photo-015-300x89.jpg 300w, https:\/\/www.hex.be\/wp-content\/uploads\/2014\/04\/Hex15-Tom-de-Dorlodot-photo-015-768x227.jpg 768w, https:\/\/www.hex.be\/wp-content\/uploads\/2014\/04\/Hex15-Tom-de-Dorlodot-photo-015.jpg 1920w\" sizes=\"(max-width: 1024px) 100vw, 1024px\" \/><\/strong><\/p><p><span style=\"color: #008000\"><strong>THE ESTATE<\/strong><\/span><br \/>Central to the estate is the castle with its walled gardens and park. To the west of the castle, in the valley of Broekom, is the farm of Manshoven with its rich pastures and meadows and covered in the back by the beautiful Manshoven forest. To the east of the castle, in the middle of the fertile plateau, lies farm Monnikkenhof with its vast fields. A third farm is located on the Hekslaan opposite the castle. Furthermore, on the Hekslaan you will find a number of beautiful old houses in the rural style of the 19th century, such as the nunnery and the old sawmill. Finally, the old water mill, located lower in the village on the banks of the Herk, belongs to the estate.<\/p><blockquote><p><span style=\"text-decoration: underline\"><strong><em>The walking route<br \/><\/em><\/strong><\/span><em>Along Monnikkenhof, water mill and Manshoven.<\/em>\u00a0<em><br \/>Click here for the map of the<a title=\"Map walking route Hex\" href=\"https:\/\/www.wandeleninlimburg.be\/nl\/routes\/3378270\/\" target=\"_blank\" rel=\"noopener noreferrer nofollow\"> walking route<\/a> of 6km, 9km or 12km. <br \/><\/em><em>Starting point at restaurant and bistro\u00a0<\/em><a title=\"to the site of De Horne\" href=\"http:\/\/www.dehorne.be\/\" target=\"_blank\" rel=\"noopener noreferrer nofollow\"><em>De Horne<\/em><\/a><em>.<\/em><\/p><\/blockquote><p><span style=\"color: #008000\"><strong>THE CASTLE<\/strong><\/span><br \/>According to tradition, the castle was built according to the plans of the Li\u00e8ge architect Etienne Fayen. For the execution Velbr\u00fcck attracted the best craftsmen from Li\u00e8ge, Lorraine and Italy. The castle itself is a U-shaped construction in red brick with window frames in Namur limestone. There is a floor, covered with a mansard roof. The sober building has as its only decoration a triangular pediment with in relief the hunting goddess Diana.<\/p><p><span style=\"color: #008000\"><strong><img decoding=\"async\" class=\"alignnone size-large wp-image-310\" src=\"https:\/\/www.hex.be\/wp-content\/uploads\/2014\/04\/Hex-100-dia1-1190x380-copyright-Hex-1024x327.jpg\" alt=\"\" width=\"1024\" height=\"327\" srcset=\"https:\/\/www.hex.be\/wp-content\/uploads\/2014\/04\/Hex-100-dia1-1190x380-copyright-Hex-1024x327.jpg 1024w, https:\/\/www.hex.be\/wp-content\/uploads\/2014\/04\/Hex-100-dia1-1190x380-copyright-Hex-600x192.jpg 600w, https:\/\/www.hex.be\/wp-content\/uploads\/2014\/04\/Hex-100-dia1-1190x380-copyright-Hex-300x96.jpg 300w, https:\/\/www.hex.be\/wp-content\/uploads\/2014\/04\/Hex-100-dia1-1190x380-copyright-Hex-768x245.jpg 768w, https:\/\/www.hex.be\/wp-content\/uploads\/2014\/04\/Hex-100-dia1-1190x380-copyright-Hex.jpg 1190w\" sizes=\"(max-width: 1024px) 100vw, 1024px\" \/><\/strong><\/span><\/p><p><strong><span style=\"color: #008000\">THE ORNAMENTAL GARDENS<\/span><span style=\"text-decoration: underline\"><br \/><\/span><\/strong>Velbr\u00fcck had a number of formal ornamental gardens built in the immediate vicinity of his castle during the construction of the castle around 1780. At the front, which was then the southeast side, the entrance from the south, where Li\u00e8ge is located, was decorated in French style with flower beds on both sides of the road. On the other side of the castle came the walled <i>parterre<\/i>gardens and in addition, on the slope opposite the village, the lower-lying utility gardens. Little is known about how the situation evolved during the next generation. In 1871 the garden and landscape architect Louis Fuchs redefined the formal garden on the honorary war. Fuchs was also responsible for the construction of the English landscape park with the large sight axes. The formal garden that was previously laid out in various terraces and decorated with <i>broderies<\/i>, <i>flat-bandes<\/i> with flowers, exotic eye-catchers and numerous vases, benches and rose arches was leveled and greatly simplified. In 1913, the Brussels landscape architect Jules Janlet was commissioned by the then Count d&#039;Ansembourg to redraw both the old formal garden, the prince garden, and the front garden. He re-informed the formal garden, taking into account the existing longitudinal and transverse axis. The attention to straight lines, balanced proportions and the use of geometric figures such as the half arch are typical of Janlet&#039;s style. The three wide terraces on the southeastern side of the castle also date to him, when they are decorated with bright floral beds, and the geometric layout of the prinsenhof as we know it today. The terraces were redesigned in 1992 to a drawing by the Antwerp garden architect Jaques Wirtz. The flower beds with annuals made way for a suitably tight design of lawns, shaved yew blocks and surfaces of dolomite grit.<\/p><p><img loading=\"lazy\" decoding=\"async\" class=\"alignnone wp-image-362 size-full\" src=\"https:\/\/www.hex.be\/wp-content\/uploads\/2014\/03\/Hex-235-nutstuinen-750x530-copyright-Hex-e1583882613751.jpg\" alt=\"The walled vegetable garden of Hex\" width=\"748\" height=\"249\" srcset=\"https:\/\/www.hex.be\/wp-content\/uploads\/2014\/03\/Hex-235-nutstuinen-750x530-copyright-Hex-e1583882613751.jpg 748w, https:\/\/www.hex.be\/wp-content\/uploads\/2014\/03\/Hex-235-nutstuinen-750x530-copyright-Hex-e1583882613751-600x200.jpg 600w, https:\/\/www.hex.be\/wp-content\/uploads\/2014\/03\/Hex-235-nutstuinen-750x530-copyright-Hex-e1583882613751-300x100.jpg 300w\" sizes=\"(max-width: 748px) 100vw, 748px\" \/><\/p><p><span style=\"color: #008000\"><strong>THE <\/strong><strong>VEGETABLE GARDEN<\/strong><\/span><br \/>The original terraced construction of the gardens of Hex is best preserved in the lower 'potager'. This ancient vegetable garden with orchards is completely walled and, lower than the castle and the formal gardens, lies in parallel levels against the hillside. In 1774 there was a row of village houses next to the Hekslaan, including the presbytery. The houses were demolished and the vicarage was rebuilt on the other side of the street. The works were completed around the year 1790. Since then little has changed in the layout of the kitchen gardens. The high retaining wall on the north-east side is 250 meters long and is still used as a fruit wall. It is at the foot of the wall - the so called <i>rabat<\/i>, or 'collar' of the garden. The central level is occupied by the beds with vegetables and flowers. The lowest level on the street side is an orchard where the sheep graze. There you will also find the old well that the vegetable garden had to provide with water. In the northwestern part of the garden there are the greenhouses and the nursery. The 18th century vegetable cellar is hidden behind a door in the high wall, in the eastern part of the garden, hidden among the climbing roses.<\/p><p><strong><span style=\"text-decoration: underline\"><a href=\"\/wp-content\/uploads\/2014\/03\/Hex-236-engelsetuinen-470x683-copyright-Hex.jpg\"><img loading=\"lazy\" decoding=\"async\" class=\"size-medium wp-image-358 alignleft\" title=\"The lost English gardens\" src=\"\/wp-content\/uploads\/2014\/03\/Hex-236-engelsetuinen-470x683-copyright-Hex-206x300.jpg\" alt=\"The lost English gardens of Hex\" width=\"206\" height=\"300\" srcset=\"https:\/\/www.hex.be\/wp-content\/uploads\/2014\/03\/Hex-236-engelsetuinen-470x683-copyright-Hex-206x300.jpg 206w, https:\/\/www.hex.be\/wp-content\/uploads\/2014\/03\/Hex-236-engelsetuinen-470x683-copyright-Hex.jpg 470w\" sizes=\"(max-width: 206px) 100vw, 206px\" \/><\/a><\/span><span style=\"color: #008000\">THE LOST ENGLISH GARDENS<\/span><\/strong><br \/>In the years before his death in 1784, prince-bishop Velbr\u00fcck had a garden complex built outside the walls of the formal gardens into a completely new concept. The so-called English gardens were only in fashion and Velbr\u00fcck was one of the first to work according to the new principles of these &#039;natural&#039; or irregular gardens. The concept of his then English court is still far from what we know today as the English romantic garden style, but the style break with French-inspired rococo tradition was significant. The gardens were laid out in a large rectangle, located between the French garden and the Zavelberg, and surrounded by a hedge. Winding roads led the visitor through passages in the forest parts from one garden room to another. The lawn edges were exaggerated and here and there stood solitary trees, low groups of woody plants (<i>forest quests)<\/i> with flowering plants and park constructions. There is not much left of this English Court. More so, we do not even know to what extent the original plans have been implemented. But the tone was set; the English Court laid a cautious foundation for the large landscaped park as we know it today.<\/p><p><span style=\"color: #008000\"><img loading=\"lazy\" decoding=\"async\" class=\"alignnone size-large wp-image-10429\" src=\"https:\/\/www.hex.be\/wp-content\/uploads\/2020\/03\/image001-e1583884762732-1024x566.jpg\" alt=\"\" width=\"1024\" height=\"566\" srcset=\"https:\/\/www.hex.be\/wp-content\/uploads\/2020\/03\/image001-e1583884762732-1024x566.jpg 1024w, https:\/\/www.hex.be\/wp-content\/uploads\/2020\/03\/image001-e1583884762732-300x166.jpg 300w, https:\/\/www.hex.be\/wp-content\/uploads\/2020\/03\/image001-e1583884762732-768x425.jpg 768w, https:\/\/www.hex.be\/wp-content\/uploads\/2020\/03\/image001-e1583884762732-600x332.jpg 600w, https:\/\/www.hex.be\/wp-content\/uploads\/2020\/03\/image001-e1583884762732.jpg 1143w\" sizes=\"(max-width: 1024px) 100vw, 1024px\" \/><\/span><\/p><p><span style=\"color: #008000\"><strong>THE <\/strong><\/span><span style=\"color: #008000\"><strong>LANDSCAPE PARK<\/strong><\/span><br \/>In 1871, the German landscape designer Louis Fuchs, who had fled to Brussels, was commissioned by the then lord of the castle Alfred I d'Ansembourg to redesign the park and the surrounding area in the landscape style of the day. In the following ten years, the old pine forests were felled, the relief adapted, new drives planted and large lawns laid out. Today, the elongated Fuchs valley with its slightly undulating character and its selected solitary plants and groups of trees is one of the main attractions of the estate and a textbook example of a landscape park, moreover almost perfectly preserved.<\/p><p><img loading=\"lazy\" decoding=\"async\" class=\"alignnone size-full wp-image-333\" src=\"\/wp-content\/uploads\/2014\/03\/Hex-230-park-1140x100-copyright-Hex.jpg\" alt=\"Hex 230 park 1140x100 copyright Hex\" width=\"1140\" height=\"100\" srcset=\"https:\/\/www.hex.be\/wp-content\/uploads\/2014\/03\/Hex-230-park-1140x100-copyright-Hex.jpg 1140w, https:\/\/www.hex.be\/wp-content\/uploads\/2014\/03\/Hex-230-park-1140x100-copyright-Hex-600x53.jpg 600w, https:\/\/www.hex.be\/wp-content\/uploads\/2014\/03\/Hex-230-park-1140x100-copyright-Hex-300x26.jpg 300w, https:\/\/www.hex.be\/wp-content\/uploads\/2014\/03\/Hex-230-park-1140x100-copyright-Hex-768x67.jpg 768w, https:\/\/www.hex.be\/wp-content\/uploads\/2014\/03\/Hex-230-park-1140x100-copyright-Hex-1024x90.jpg 1024w\" sizes=\"(max-width: 1140px) 100vw, 1140px\" \/><\/p>\t\t\t\t\t\t\t\t<\/div>\n\t\t\t\t<\/div>\n\t\t\t\t<div class=\"elementor-element elementor-element-700d7f3 elementor-widget elementor-widget-text-editor\" data-id=\"700d7f3\" data-element_type=\"widget\" data-e-type=\"widget\" data-widget_type=\"text-editor.default\">\n\t\t\t\t<div class=\"elementor-widget-container\">\n\t\t\t\t\t\t\t\t\t<p><a href=\"https:\/\/www.hex.be\/en\/tuinen\/moestuin\/\"><em>Discover the Vegetable Garden...<\/em><\/a><\/p>\t\t\t\t\t\t\t\t<\/div>\n\t\t\t\t<\/div>\n\t\t\t\t\t<\/div>\n\t\t<\/div>\n\t\t\t\t\t<\/div>\n\t\t<\/section>\n\t\t\t\t<\/div>","protected":false},"excerpt":{"rendered":"<p>Onze Geschiedenis Limburgs Haspengouw heeft een landschap met zachtglooiende heuvels, groene weiden, vruchtbare akkers, boomgaarden en plukjes bos. De Luikse prins-bisschop Karel van Velbr\u00fcck koos dit riante landschap uit om er een aards paradijs te cre\u00ebren, een &#8216;Arcadia&#8217; naar de smaak en filosofie\u00a0van de 18de eeuw. De heuvel die zich boven het dorp uitstrekt, werd [&hellip;]<\/p>\n","protected":false},"author":10,"featured_media":10071,"parent":6040,"menu_order":0,"comment_status":"closed","ping_status":"closed","template":"","meta":{"_acf_changed":false,"site-sidebar-layout":"default","site-content-layout":"default","ast-site-content-layout":"default","site-content-style":"default","site-sidebar-style":"default","ast-global-header-display":"","ast-banner-title-visibility":"","ast-main-header-display":"","ast-hfb-above-header-display":"","ast-hfb-below-header-display":"","ast-hfb-mobile-header-display":"","site-post-title":"","ast-breadcrumbs-content":"","ast-featured-img":"disabled","footer-sml-layout":"","ast-disable-related-posts":"","theme-transparent-header-meta":"default","adv-header-id-meta":"","stick-header-meta":"default","header-above-stick-meta":"","header-main-stick-meta":"","header-below-stick-meta":"","astra-migrate-meta-layouts":"default","ast-page-background-enabled":"default","ast-page-background-meta":{"desktop":{"background-color":"","background-image":"","background-repeat":"repeat","background-position":"center center","background-size":"auto","background-attachment":"scroll","background-type":"","background-media":"","overlay-type":"","overlay-color":"","overlay-opacity":"","overlay-gradient":""},"tablet":{"background-color":"","background-image":"","background-repeat":"repeat","background-position":"center center","background-size":"auto","background-attachment":"scroll","background-type":"","background-media":"","overlay-type":"","overlay-color":"","overlay-opacity":"","overlay-gradient":""},"mobile":{"background-color":"","background-image":"","background-repeat":"repeat","background-position":"center center","background-size":"auto","background-attachment":"scroll","background-type":"","background-media":"","overlay-type":"","overlay-color":"","overlay-opacity":"","overlay-gradient":""}},"ast-content-background-meta":{"desktop":{"background-color":"var(--ast-global-color-5)","background-image":"","background-repeat":"repeat","background-position":"center center","background-size":"auto","background-attachment":"scroll","background-type":"","background-media":"","overlay-type":"","overlay-color":"","overlay-opacity":"","overlay-gradient":""},"tablet":{"background-color":"var(--ast-global-color-5)","background-image":"","background-repeat":"repeat","background-position":"center center","background-size":"auto","background-attachment":"scroll","background-type":"","background-media":"","overlay-type":"","overlay-color":"","overlay-opacity":"","overlay-gradient":""},"mobile":{"background-color":"var(--ast-global-color-5)","background-image":"","background-repeat":"repeat","background-position":"center center","background-size":"auto","background-attachment":"scroll","background-type":"","background-media":"","overlay-type":"","overlay-color":"","overlay-opacity":"","overlay-gradient":""}},"_price":"","_stock":"","_tribe_ticket_header":"","_tribe_default_ticket_provider":"Tribe__Tickets_Plus__Commerce__WooCommerce__Main","_tribe_ticket_capacity":"0","_ticket_start_date":"","_ticket_end_date":"","_tribe_ticket_show_description":"","_tribe_ticket_show_not_going":false,"_tribe_ticket_use_global_stock":"","_tribe_ticket_global_stock_level":"","_global_stock_mode":"","_global_stock_cap":"","_tribe_rsvp_for_event":"","_tribe_ticket_going_count":"","_tribe_ticket_not_going_count":"","_tribe_tickets_list":"[]","_tribe_ticket_has_attendee_info_fields":false,"footnotes":"","_tec_slr_enabled":"","_tec_slr_layout":""},"class_list":["post-102","page","type-page","status-publish","has-post-thumbnail","hentry"],"acf":[],"ticketed":false,"_links":{"self":[{"href":"https:\/\/www.hex.be\/en\/wp-json\/wp\/v2\/pages\/102","targetHints":{"allow":["GET"]}}],"collection":[{"href":"https:\/\/www.hex.be\/en\/wp-json\/wp\/v2\/pages"}],"about":[{"href":"https:\/\/www.hex.be\/en\/wp-json\/wp\/v2\/types\/page"}],"author":[{"embeddable":true,"href":"https:\/\/www.hex.be\/en\/wp-json\/wp\/v2\/users\/10"}],"replies":[{"embeddable":true,"href":"https:\/\/www.hex.be\/en\/wp-json\/wp\/v2\/comments?post=102"}],"version-history":[{"count":10,"href":"https:\/\/www.hex.be\/en\/wp-json\/wp\/v2\/pages\/102\/revisions"}],"predecessor-version":[{"id":24520,"href":"https:\/\/www.hex.be\/en\/wp-json\/wp\/v2\/pages\/102\/revisions\/24520"}],"up":[{"embeddable":true,"href":"https:\/\/www.hex.be\/en\/wp-json\/wp\/v2\/pages\/6040"}],"wp:featuredmedia":[{"embeddable":true,"href":"https:\/\/www.hex.be\/en\/wp-json\/wp\/v2\/media\/10071"}],"wp:attachment":[{"href":"https:\/\/www.hex.be\/en\/wp-json\/wp\/v2\/media?parent=102"}],"curies":[{"name":"wp","href":"https:\/\/api.w.org\/{rel}","templated":true}]}}