{"id":6040,"date":"2018-09-30T18:12:32","date_gmt":"2018-09-30T17:12:32","guid":{"rendered":"https:\/\/hex.webmatic.be\/?page_id=6040"},"modified":"2026-04-08T14:12:54","modified_gmt":"2026-04-08T12:12:54","slug":"garten","status":"publish","type":"page","link":"https:\/\/www.hex.be\/de\/tuinen\/","title":{"rendered":"G\u00e4rten"},"content":{"rendered":"<div data-elementor-type=\"wp-post\" data-elementor-id=\"6040\" class=\"elementor elementor-6040\" data-elementor-post-type=\"page\">\n\t\t\t\t\t\t<section class=\"elementor-section elementor-top-section elementor-element elementor-element-13d3701f elementor-section-height-min-height wbm-hero elementor-section-boxed elementor-section-height-default elementor-section-items-middle\" data-id=\"13d3701f\" data-element_type=\"section\" data-e-type=\"section\" data-settings=\"{&quot;background_background&quot;:&quot;classic&quot;}\">\n\t\t\t\t\t\t\t<div class=\"elementor-background-overlay\"><\/div>\n\t\t\t\t\t\t\t<div class=\"elementor-container elementor-column-gap-default\">\n\t\t\t\t\t<div class=\"elementor-column elementor-col-100 elementor-top-column elementor-element elementor-element-64310ddf\" data-id=\"64310ddf\" data-element_type=\"column\" data-e-type=\"column\">\n\t\t\t<div class=\"elementor-widget-wrap\">\n\t\t\t\t\t\t\t<\/div>\n\t\t<\/div>\n\t\t\t\t\t<\/div>\n\t\t<\/section>\n\t\t\t\t<section class=\"elementor-section elementor-top-section elementor-element elementor-element-ec487e1 p_tb_none p_lr_section_cg bc_background_light elementor-section-boxed elementor-section-height-default elementor-section-height-default\" data-id=\"ec487e1\" data-element_type=\"section\" data-e-type=\"section\" data-settings=\"{&quot;background_background&quot;:&quot;classic&quot;}\">\n\t\t\t\t\t\t<div class=\"elementor-container elementor-column-gap-no\">\n\t\t\t\t\t<div class=\"elementor-column elementor-col-50 elementor-top-column elementor-element elementor-element-3800c07\" data-id=\"3800c07\" data-element_type=\"column\" data-e-type=\"column\">\n\t\t\t<div class=\"elementor-widget-wrap elementor-element-populated\">\n\t\t\t\t\t\t<div class=\"elementor-element elementor-element-abb5177 elementor-widget-divider--view-line elementor-widget elementor-widget-divider\" data-id=\"abb5177\" data-element_type=\"widget\" data-e-type=\"widget\" data-widget_type=\"divider.default\">\n\t\t\t\t<div class=\"elementor-widget-container\">\n\t\t\t\t\t\t\t<div class=\"elementor-divider\">\n\t\t\t<span class=\"elementor-divider-separator\">\n\t\t\t\t\t\t<\/span>\n\t\t<\/div>\n\t\t\t\t\t\t<\/div>\n\t\t\t\t<\/div>\n\t\t\t\t<div class=\"elementor-element elementor-element-42deabac elementor-widget elementor-widget-image\" data-id=\"42deabac\" data-element_type=\"widget\" data-e-type=\"widget\" data-widget_type=\"image.default\">\n\t\t\t\t<div class=\"elementor-widget-container\">\n\t\t\t\t\t\t\t\t\t\t\t\t\t\t\t\t<a href=\"\/de\/garten\/geschiedenis\/\">\n\t\t\t\t\t\t\t<img fetchpriority=\"high\" decoding=\"async\" width=\"1000\" height=\"667\" src=\"https:\/\/www.hex.be\/wp-content\/uploads\/2018\/11\/Hex-233-kasteel-750x447-copyright-Hex-1000-3x2.jpg\" class=\"attachment-full size-full wp-image-6354\" alt=\"\" srcset=\"https:\/\/www.hex.be\/wp-content\/uploads\/2018\/11\/Hex-233-kasteel-750x447-copyright-Hex-1000-3x2.jpg 1000w, https:\/\/www.hex.be\/wp-content\/uploads\/2018\/11\/Hex-233-kasteel-750x447-copyright-Hex-1000-3x2-600x400.jpg 600w, https:\/\/www.hex.be\/wp-content\/uploads\/2018\/11\/Hex-233-kasteel-750x447-copyright-Hex-1000-3x2-300x200.jpg 300w, https:\/\/www.hex.be\/wp-content\/uploads\/2018\/11\/Hex-233-kasteel-750x447-copyright-Hex-1000-3x2-768x512.jpg 768w\" sizes=\"(max-width: 1000px) 100vw, 1000px\" \/>\t\t\t\t\t\t\t\t<\/a>\n\t\t\t\t\t\t\t\t\t\t\t\t\t\t\t<\/div>\n\t\t\t\t<\/div>\n\t\t\t\t\t<\/div>\n\t\t<\/div>\n\t\t\t\t<div class=\"elementor-column elementor-col-50 elementor-top-column elementor-element elementor-element-363ba86 bc_background\" data-id=\"363ba86\" data-element_type=\"column\" data-e-type=\"column\" data-settings=\"{&quot;background_background&quot;:&quot;classic&quot;}\">\n\t\t\t<div class=\"elementor-widget-wrap elementor-element-populated\">\n\t\t\t\t\t\t<div class=\"elementor-element elementor-element-170216e elementor-widget elementor-widget-heading\" data-id=\"170216e\" data-element_type=\"widget\" data-e-type=\"widget\" data-widget_type=\"heading.default\">\n\t\t\t\t<div class=\"elementor-widget-container\">\n\t\t\t\t\t<h2 class=\"elementor-heading-title elementor-size-default\">Unsere geschichte<\/h2>\t\t\t\t<\/div>\n\t\t\t\t<\/div>\n\t\t\t\t<div class=\"elementor-element elementor-element-44e69d9e wbm-c-dimmed elementor-widget elementor-widget-text-editor\" data-id=\"44e69d9e\" data-element_type=\"widget\" data-e-type=\"widget\" data-widget_type=\"text-editor.default\">\n\t\t\t\t<div class=\"elementor-widget-container\">\n\t\t\t\t\t\t\t\t\t<p>Der F\u00fcrstbischof von L\u00fcttich Karel van Velbr\u00fcck w\u00e4hlte dieses St\u00fcck Haspengouw, um ein irdisches Paradies zu schaffen.<\/p>\t\t\t\t\t\t\t\t<\/div>\n\t\t\t\t<\/div>\n\t\t\t\t<div class=\"elementor-element elementor-element-076cff2 elementor-align-center elementor-widget elementor-widget-button\" data-id=\"076cff2\" data-element_type=\"widget\" data-e-type=\"widget\" data-widget_type=\"button.default\">\n\t\t\t\t<div class=\"elementor-widget-container\">\n\t\t\t\t\t\t\t\t\t<div class=\"elementor-button-wrapper\">\n\t\t\t\t\t<a class=\"elementor-button elementor-button-link elementor-size-xl\" href=\"\/de\/garten\/geschiedenis\/\">\n\t\t\t\t\t\t<span class=\"elementor-button-content-wrapper\">\n\t\t\t\t\t\t\t\t\t<span class=\"elementor-button-text\">Erleben Sie unsere Vergangenheit<\/span>\n\t\t\t\t\t<\/span>\n\t\t\t\t\t<\/a>\n\t\t\t\t<\/div>\n\t\t\t\t\t\t\t\t<\/div>\n\t\t\t\t<\/div>\n\t\t\t\t\t<\/div>\n\t\t<\/div>\n\t\t\t\t\t<\/div>\n\t\t<\/section>\n\t\t\t\t<section class=\"elementor-section elementor-top-section elementor-element elementor-element-c38c3e5 p_tb_none p_lr_section_cg bc_background_light elementor-reverse-mobile elementor-reverse-tablet elementor-section-boxed elementor-section-height-default elementor-section-height-default\" data-id=\"c38c3e5\" data-element_type=\"section\" data-e-type=\"section\">\n\t\t\t\t\t\t<div class=\"elementor-container elementor-column-gap-no\">\n\t\t\t\t\t<div class=\"elementor-column elementor-col-50 elementor-top-column elementor-element elementor-element-cba41f5 bc_background\" data-id=\"cba41f5\" data-element_type=\"column\" data-e-type=\"column\" data-settings=\"{&quot;background_background&quot;:&quot;classic&quot;}\">\n\t\t\t<div class=\"elementor-widget-wrap elementor-element-populated\">\n\t\t\t\t\t\t<div class=\"elementor-element elementor-element-54067122 elementor-widget elementor-widget-heading\" data-id=\"54067122\" data-element_type=\"widget\" data-e-type=\"widget\" data-widget_type=\"heading.default\">\n\t\t\t\t<div class=\"elementor-widget-container\">\n\t\t\t\t\t<h2 class=\"elementor-heading-title elementor-size-default\">Der Gem\u00fcsegarten<\/h2>\t\t\t\t<\/div>\n\t\t\t\t<\/div>\n\t\t\t\t<div class=\"elementor-element elementor-element-4283317e wbm-c-dimmed elementor-widget elementor-widget-text-editor\" data-id=\"4283317e\" data-element_type=\"widget\" data-e-type=\"widget\" data-widget_type=\"text-editor.default\">\n\t\t\t\t<div class=\"elementor-widget-container\">\n\t\t\t\t\t\t\t\t\tDer Gem\u00fcsegarten von Hex wird manchmal als der sch\u00f6nste Gem\u00fcsegarten des Landes bezeichnet.\t\t\t\t\t\t\t\t<\/div>\n\t\t\t\t<\/div>\n\t\t\t\t<div class=\"elementor-element elementor-element-dbe1dc0 elementor-align-center elementor-widget elementor-widget-button\" data-id=\"dbe1dc0\" data-element_type=\"widget\" data-e-type=\"widget\" data-widget_type=\"button.default\">\n\t\t\t\t<div class=\"elementor-widget-container\">\n\t\t\t\t\t\t\t\t\t<div class=\"elementor-button-wrapper\">\n\t\t\t\t\t<a class=\"elementor-button elementor-button-link elementor-size-sm\" href=\"\/de\/garten\/moestuin\/\">\n\t\t\t\t\t\t<span class=\"elementor-button-content-wrapper\">\n\t\t\t\t\t\t\t\t\t<span class=\"elementor-button-text\">Entdecken Sie den Gem\u00fcsegarten<\/span>\n\t\t\t\t\t<\/span>\n\t\t\t\t\t<\/a>\n\t\t\t\t<\/div>\n\t\t\t\t\t\t\t\t<\/div>\n\t\t\t\t<\/div>\n\t\t\t\t\t<\/div>\n\t\t<\/div>\n\t\t\t\t<div class=\"elementor-column elementor-col-50 elementor-top-column elementor-element elementor-element-3f29d3b wbm-bc-background-alt\" data-id=\"3f29d3b\" data-element_type=\"column\" data-e-type=\"column\">\n\t\t\t<div class=\"elementor-widget-wrap elementor-element-populated\">\n\t\t\t\t\t\t<div class=\"elementor-element elementor-element-490728ad elementor-widget elementor-widget-image\" data-id=\"490728ad\" data-element_type=\"widget\" data-e-type=\"widget\" data-widget_type=\"image.default\">\n\t\t\t\t<div class=\"elementor-widget-container\">\n\t\t\t\t\t\t\t\t\t\t\t\t\t\t\t\t<a href=\"\/de\/garten\/moestuin\/\">\n\t\t\t\t\t\t\t<img decoding=\"async\" width=\"1024\" height=\"683\" src=\"https:\/\/www.hex.be\/wp-content\/uploads\/2019\/06\/hex-tuindagen-juni-2019_28-9525-1920-1024x683.jpeg\" class=\"attachment-large size-large wp-image-8412\" alt=\"Gartenfest Hex Juni 2019\" srcset=\"https:\/\/www.hex.be\/wp-content\/uploads\/2019\/06\/hex-tuindagen-juni-2019_28-9525-1920-1024x683.jpeg 1024w, https:\/\/www.hex.be\/wp-content\/uploads\/2019\/06\/hex-tuindagen-juni-2019_28-9525-1920-300x200.jpeg 300w, https:\/\/www.hex.be\/wp-content\/uploads\/2019\/06\/hex-tuindagen-juni-2019_28-9525-1920-768x512.jpeg 768w, https:\/\/www.hex.be\/wp-content\/uploads\/2019\/06\/hex-tuindagen-juni-2019_28-9525-1920-600x400.jpeg 600w, https:\/\/www.hex.be\/wp-content\/uploads\/2019\/06\/hex-tuindagen-juni-2019_28-9525-1920.jpeg 1920w\" sizes=\"(max-width: 1024px) 100vw, 1024px\" \/>\t\t\t\t\t\t\t\t<\/a>\n\t\t\t\t\t\t\t\t\t\t\t\t\t\t\t<\/div>\n\t\t\t\t<\/div>\n\t\t\t\t\t<\/div>\n\t\t<\/div>\n\t\t\t\t\t<\/div>\n\t\t<\/section>\n\t\t\t\t<section class=\"elementor-section elementor-top-section elementor-element elementor-element-914137f p_tb_none p_lr_section_cg bc_background_light elementor-section-boxed elementor-section-height-default elementor-section-height-default\" data-id=\"914137f\" data-element_type=\"section\" data-e-type=\"section\">\n\t\t\t\t\t\t<div class=\"elementor-container elementor-column-gap-no\">\n\t\t\t\t\t<div class=\"elementor-column elementor-col-50 elementor-top-column elementor-element elementor-element-8cdbbe7\" data-id=\"8cdbbe7\" data-element_type=\"column\" data-e-type=\"column\">\n\t\t\t<div class=\"elementor-widget-wrap elementor-element-populated\">\n\t\t\t\t\t\t<div class=\"elementor-element elementor-element-22b1a9f elementor-widget elementor-widget-image\" data-id=\"22b1a9f\" data-element_type=\"widget\" data-e-type=\"widget\" data-widget_type=\"image.default\">\n\t\t\t\t<div class=\"elementor-widget-container\">\n\t\t\t\t\t\t\t\t\t\t\t\t\t\t\t\t<a href=\"\/de\/garten\/siertuinen\/\">\n\t\t\t\t\t\t\t<img decoding=\"async\" width=\"1000\" height=\"666\" src=\"https:\/\/www.hex.be\/wp-content\/uploads\/2018\/11\/Hex-251-Franse-tuin-750x530-copyright-Hex-GTabak53-1000-3x2.jpg\" class=\"attachment-full size-full wp-image-6356\" alt=\"\" srcset=\"https:\/\/www.hex.be\/wp-content\/uploads\/2018\/11\/Hex-251-Franse-tuin-750x530-copyright-Hex-GTabak53-1000-3x2.jpg 1000w, https:\/\/www.hex.be\/wp-content\/uploads\/2018\/11\/Hex-251-Franse-tuin-750x530-copyright-Hex-GTabak53-1000-3x2-600x400.jpg 600w, https:\/\/www.hex.be\/wp-content\/uploads\/2018\/11\/Hex-251-Franse-tuin-750x530-copyright-Hex-GTabak53-1000-3x2-300x200.jpg 300w, https:\/\/www.hex.be\/wp-content\/uploads\/2018\/11\/Hex-251-Franse-tuin-750x530-copyright-Hex-GTabak53-1000-3x2-768x511.jpg 768w\" sizes=\"(max-width: 1000px) 100vw, 1000px\" \/>\t\t\t\t\t\t\t\t<\/a>\n\t\t\t\t\t\t\t\t\t\t\t\t\t\t\t<\/div>\n\t\t\t\t<\/div>\n\t\t\t\t\t<\/div>\n\t\t<\/div>\n\t\t\t\t<div class=\"elementor-column elementor-col-50 elementor-top-column elementor-element elementor-element-1fdded9 bc_background\" data-id=\"1fdded9\" data-element_type=\"column\" data-e-type=\"column\">\n\t\t\t<div class=\"elementor-widget-wrap elementor-element-populated\">\n\t\t\t\t\t\t<div class=\"elementor-element elementor-element-9110962 elementor-widget elementor-widget-heading\" data-id=\"9110962\" data-element_type=\"widget\" data-e-type=\"widget\" data-widget_type=\"heading.default\">\n\t\t\t\t<div class=\"elementor-widget-container\">\n\t\t\t\t\t<h2 class=\"elementor-heading-title elementor-size-default\">Die Zierg\u00e4rten<\/h2>\t\t\t\t<\/div>\n\t\t\t\t<\/div>\n\t\t\t\t<div class=\"elementor-element elementor-element-8814708 wbm-c-dimmed elementor-widget elementor-widget-text-editor\" data-id=\"8814708\" data-element_type=\"widget\" data-e-type=\"widget\" data-widget_type=\"text-editor.default\">\n\t\t\t\t<div class=\"elementor-widget-container\">\n\t\t\t\t\t\t\t\t\t<p>Hex verf\u00fcgt \u00fcber zahlreiche Zierg\u00e4rten: den franz\u00f6sischen Garten, die Terrassen, den kleinen Rosengarten, den chinesischen Garten und vieles mehr.<\/p>\t\t\t\t\t\t\t\t<\/div>\n\t\t\t\t<\/div>\n\t\t\t\t<div class=\"elementor-element elementor-element-509b394 elementor-align-center elementor-widget elementor-widget-button\" data-id=\"509b394\" data-element_type=\"widget\" data-e-type=\"widget\" data-widget_type=\"button.default\">\n\t\t\t\t<div class=\"elementor-widget-container\">\n\t\t\t\t\t\t\t\t\t<div class=\"elementor-button-wrapper\">\n\t\t\t\t\t<a class=\"elementor-button elementor-button-link elementor-size-sm\" href=\"\/de\/garten\/siertuinen\/\">\n\t\t\t\t\t\t<span class=\"elementor-button-content-wrapper\">\n\t\t\t\t\t\t\t\t\t<span class=\"elementor-button-text\">Besuchen Sie die Siertuinen<\/span>\n\t\t\t\t\t<\/span>\n\t\t\t\t\t<\/a>\n\t\t\t\t<\/div>\n\t\t\t\t\t\t\t\t<\/div>\n\t\t\t\t<\/div>\n\t\t\t\t\t<\/div>\n\t\t<\/div>\n\t\t\t\t\t<\/div>\n\t\t<\/section>\n\t\t\t\t<section class=\"elementor-section elementor-top-section elementor-element elementor-element-858292a elementor-reverse-mobile p_tb_none p_lr_section_cg bc_background_light elementor-reverse-tablet elementor-section-boxed elementor-section-height-default elementor-section-height-default\" data-id=\"858292a\" data-element_type=\"section\" data-e-type=\"section\">\n\t\t\t\t\t\t<div class=\"elementor-container elementor-column-gap-no\">\n\t\t\t\t\t<div class=\"elementor-column elementor-col-50 elementor-top-column elementor-element elementor-element-45b63c2 bc_background\" data-id=\"45b63c2\" data-element_type=\"column\" data-e-type=\"column\">\n\t\t\t<div class=\"elementor-widget-wrap elementor-element-populated\">\n\t\t\t\t\t\t<div class=\"elementor-element elementor-element-c9eb545 elementor-widget elementor-widget-heading\" data-id=\"c9eb545\" data-element_type=\"widget\" data-e-type=\"widget\" data-widget_type=\"heading.default\">\n\t\t\t\t<div class=\"elementor-widget-container\">\n\t\t\t\t\t<h2 class=\"elementor-heading-title elementor-size-default\">Der Park<\/h2>\t\t\t\t<\/div>\n\t\t\t\t<\/div>\n\t\t\t\t<div class=\"elementor-element elementor-element-f0c4765 wbm-c-dimmed elementor-widget elementor-widget-text-editor\" data-id=\"f0c4765\" data-element_type=\"widget\" data-e-type=\"widget\" data-widget_type=\"text-editor.default\">\n\t\t\t\t<div class=\"elementor-widget-container\">\n\t\t\t\t\t\t\t\t\t<p>Au\u00dferhalb der ummauerten G\u00e4rten von Schloss Hex finden Sie einen gro\u00dfen Landschaftspark aus dem 19. Jahrhundert, der die Stelle der verschwundenen englischen G\u00e4rten eingenommen hat.<\/p>\t\t\t\t\t\t\t\t<\/div>\n\t\t\t\t<\/div>\n\t\t\t\t<div class=\"elementor-element elementor-element-2ffa2c6 elementor-align-center elementor-widget elementor-widget-button\" data-id=\"2ffa2c6\" data-element_type=\"widget\" data-e-type=\"widget\" data-widget_type=\"button.default\">\n\t\t\t\t<div class=\"elementor-widget-container\">\n\t\t\t\t\t\t\t\t\t<div class=\"elementor-button-wrapper\">\n\t\t\t\t\t<a class=\"elementor-button elementor-button-link elementor-size-sm\" href=\"\/de\/garten\/park\/\">\n\t\t\t\t\t\t<span class=\"elementor-button-content-wrapper\">\n\t\t\t\t\t\t\t\t\t<span class=\"elementor-button-text\">Spazieren Sie durch den Park<\/span>\n\t\t\t\t\t<\/span>\n\t\t\t\t\t<\/a>\n\t\t\t\t<\/div>\n\t\t\t\t\t\t\t\t<\/div>\n\t\t\t\t<\/div>\n\t\t\t\t\t<\/div>\n\t\t<\/div>\n\t\t\t\t<div class=\"elementor-column elementor-col-50 elementor-top-column elementor-element elementor-element-bdb1b67 wbm-bc-background-alt\" data-id=\"bdb1b67\" data-element_type=\"column\" data-e-type=\"column\">\n\t\t\t<div class=\"elementor-widget-wrap elementor-element-populated\">\n\t\t\t\t\t\t<div class=\"elementor-element elementor-element-fb0dc6f elementor-widget elementor-widget-image\" data-id=\"fb0dc6f\" data-element_type=\"widget\" data-e-type=\"widget\" data-widget_type=\"image.default\">\n\t\t\t\t<div class=\"elementor-widget-container\">\n\t\t\t\t\t\t\t\t\t\t\t\t\t\t\t\t<a href=\"\/de\/garten\/moestuin\/\">\n\t\t\t\t\t\t\t<img loading=\"lazy\" decoding=\"async\" width=\"1000\" height=\"666\" src=\"https:\/\/www.hex.be\/wp-content\/uploads\/2018\/11\/Hex-261-park-solitair-750x530-copyright-Hex-SAM_0199-1000-3x2.jpg\" class=\"attachment-large size-large wp-image-6357\" alt=\"\" srcset=\"https:\/\/www.hex.be\/wp-content\/uploads\/2018\/11\/Hex-261-park-solitair-750x530-copyright-Hex-SAM_0199-1000-3x2.jpg 1000w, https:\/\/www.hex.be\/wp-content\/uploads\/2018\/11\/Hex-261-park-solitair-750x530-copyright-Hex-SAM_0199-1000-3x2-600x400.jpg 600w, https:\/\/www.hex.be\/wp-content\/uploads\/2018\/11\/Hex-261-park-solitair-750x530-copyright-Hex-SAM_0199-1000-3x2-300x200.jpg 300w, https:\/\/www.hex.be\/wp-content\/uploads\/2018\/11\/Hex-261-park-solitair-750x530-copyright-Hex-SAM_0199-1000-3x2-768x511.jpg 768w\" sizes=\"(max-width: 1000px) 100vw, 1000px\" \/>\t\t\t\t\t\t\t\t<\/a>\n\t\t\t\t\t\t\t\t\t\t\t\t\t\t\t<\/div>\n\t\t\t\t<\/div>\n\t\t\t\t\t<\/div>\n\t\t<\/div>\n\t\t\t\t\t<\/div>\n\t\t<\/section>\n\t\t\t\t<section class=\"elementor-section elementor-top-section elementor-element elementor-element-b48c467 p_t_none p_lr_section_cg bc_background_light elementor-section-boxed elementor-section-height-default elementor-section-height-default\" data-id=\"b48c467\" data-element_type=\"section\" data-e-type=\"section\">\n\t\t\t\t\t\t<div class=\"elementor-container elementor-column-gap-no\">\n\t\t\t\t\t<div class=\"elementor-column elementor-col-50 elementor-top-column elementor-element elementor-element-bd2dfc8 wbm-bc-background-alt\" data-id=\"bd2dfc8\" data-element_type=\"column\" data-e-type=\"column\">\n\t\t\t<div class=\"elementor-widget-wrap elementor-element-populated\">\n\t\t\t\t\t\t<div class=\"elementor-element elementor-element-0dd053d elementor-widget elementor-widget-image\" data-id=\"0dd053d\" data-element_type=\"widget\" data-e-type=\"widget\" data-widget_type=\"image.default\">\n\t\t\t\t<div class=\"elementor-widget-container\">\n\t\t\t\t\t\t\t\t\t\t\t\t\t\t\t\t<a href=\"\/de\/garten\/rozen\/\">\n\t\t\t\t\t\t\t<img loading=\"lazy\" decoding=\"async\" width=\"1000\" height=\"666\" src=\"https:\/\/www.hex.be\/wp-content\/uploads\/2018\/11\/Hex-271-rozencollectie-774x356-copyright-HEX-1000-3x2.jpg\" class=\"attachment-large size-large wp-image-6358\" alt=\"\" srcset=\"https:\/\/www.hex.be\/wp-content\/uploads\/2018\/11\/Hex-271-rozencollectie-774x356-copyright-HEX-1000-3x2.jpg 1000w, https:\/\/www.hex.be\/wp-content\/uploads\/2018\/11\/Hex-271-rozencollectie-774x356-copyright-HEX-1000-3x2-600x400.jpg 600w, https:\/\/www.hex.be\/wp-content\/uploads\/2018\/11\/Hex-271-rozencollectie-774x356-copyright-HEX-1000-3x2-300x200.jpg 300w, https:\/\/www.hex.be\/wp-content\/uploads\/2018\/11\/Hex-271-rozencollectie-774x356-copyright-HEX-1000-3x2-768x511.jpg 768w\" sizes=\"(max-width: 1000px) 100vw, 1000px\" \/>\t\t\t\t\t\t\t\t<\/a>\n\t\t\t\t\t\t\t\t\t\t\t\t\t\t\t<\/div>\n\t\t\t\t<\/div>\n\t\t\t\t\t<\/div>\n\t\t<\/div>\n\t\t\t\t<div class=\"elementor-column elementor-col-50 elementor-top-column elementor-element elementor-element-aa9925e bc_background\" data-id=\"aa9925e\" data-element_type=\"column\" data-e-type=\"column\">\n\t\t\t<div class=\"elementor-widget-wrap elementor-element-populated\">\n\t\t\t\t\t\t<div class=\"elementor-element elementor-element-7b0494b elementor-widget elementor-widget-heading\" data-id=\"7b0494b\" data-element_type=\"widget\" data-e-type=\"widget\" data-widget_type=\"heading.default\">\n\t\t\t\t<div class=\"elementor-widget-container\">\n\t\t\t\t\t<h2 class=\"elementor-heading-title elementor-size-default\">Die Rosen<\/h2>\t\t\t\t<\/div>\n\t\t\t\t<\/div>\n\t\t\t\t<div class=\"elementor-element elementor-element-2c03329 wbm-c-dimmed elementor-widget elementor-widget-text-editor\" data-id=\"2c03329\" data-element_type=\"widget\" data-e-type=\"widget\" data-widget_type=\"text-editor.default\">\n\t\t\t\t<div class=\"elementor-widget-container\">\n\t\t\t\t\t\t\t\t\t<p>Schlosshexe war schon immer mit Rosen verbunden. Im letzten halben Jahrhundert wurde die Sammlung von Hex erweitert, sodass die Menschen nicht mehr z\u00e4hlen.<\/p>\t\t\t\t\t\t\t\t<\/div>\n\t\t\t\t<\/div>\n\t\t\t\t<div class=\"elementor-element elementor-element-f848f47 elementor-align-center elementor-widget elementor-widget-button\" data-id=\"f848f47\" data-element_type=\"widget\" data-e-type=\"widget\" data-widget_type=\"button.default\">\n\t\t\t\t<div class=\"elementor-widget-container\">\n\t\t\t\t\t\t\t\t\t<div class=\"elementor-button-wrapper\">\n\t\t\t\t\t<a class=\"elementor-button elementor-button-link elementor-size-sm\" href=\"\/de\/garten\/rozen\/\">\n\t\t\t\t\t\t<span class=\"elementor-button-content-wrapper\">\n\t\t\t\t\t\t\t\t\t<span class=\"elementor-button-text\">Bewundern Sie unsere Rosen<\/span>\n\t\t\t\t\t<\/span>\n\t\t\t\t\t<\/a>\n\t\t\t\t<\/div>\n\t\t\t\t\t\t\t\t<\/div>\n\t\t\t\t<\/div>\n\t\t\t\t\t<\/div>\n\t\t<\/div>\n\t\t\t\t\t<\/div>\n\t\t<\/section>\n\t\t\t\t<\/div>","protected":false},"excerpt":{"rendered":"<p>Onze Geschiedenis De Luikse prins-bisschop Karel van Velbr\u00fcck koos dit stukje Haspengouw uit om er een aards paradijs te cre\u00ebren. Beleef Ons Verleden De Moestuin De moestuin van Hex wordt weleens terecht de mooiste moestuin van het land genoemd. Ontdek de Moestuin De Siertuinen Hex beschikt over tal van siertuinen: de Franse tuin, de terrassen, [&hellip;]<\/p>\n","protected":false},"author":10,"featured_media":0,"parent":0,"menu_order":0,"comment_status":"closed","ping_status":"closed","template":"","meta":{"_acf_changed":false,"site-sidebar-layout":"no-sidebar","site-content-layout":"page-builder","ast-site-content-layout":"full-width-container","site-content-style":"unboxed","site-sidebar-style":"unboxed","ast-global-header-display":"","ast-banner-title-visibility":"","ast-main-header-display":"","ast-hfb-above-header-display":"","ast-hfb-below-header-display":"","ast-hfb-mobile-header-display":"","site-post-title":"disabled","ast-breadcrumbs-content":"","ast-featured-img":"disabled","footer-sml-layout":"","ast-disable-related-posts":"","theme-transparent-header-meta":"","adv-header-id-meta":"","stick-header-meta":"","header-above-stick-meta":"","header-main-stick-meta":"","header-below-stick-meta":"","astra-migrate-meta-layouts":"set","ast-page-background-enabled":"default","ast-page-background-meta":{"desktop":{"background-color":"","background-image":"","background-repeat":"repeat","background-position":"center center","background-size":"auto","background-attachment":"scroll","background-type":"","background-media":"","overlay-type":"","overlay-color":"","overlay-opacity":"","overlay-gradient":""},"tablet":{"background-color":"","background-image":"","background-repeat":"repeat","background-position":"center center","background-size":"auto","background-attachment":"scroll","background-type":"","background-media":"","overlay-type":"","overlay-color":"","overlay-opacity":"","overlay-gradient":""},"mobile":{"background-color":"","background-image":"","background-repeat":"repeat","background-position":"center center","background-size":"auto","background-attachment":"scroll","background-type":"","background-media":"","overlay-type":"","overlay-color":"","overlay-opacity":"","overlay-gradient":""}},"ast-content-background-meta":{"desktop":{"background-color":"var(--ast-global-color-5)","background-image":"","background-repeat":"repeat","background-position":"center center","background-size":"auto","background-attachment":"scroll","background-type":"","background-media":"","overlay-type":"","overlay-color":"","overlay-opacity":"","overlay-gradient":""},"tablet":{"background-color":"var(--ast-global-color-5)","background-image":"","background-repeat":"repeat","background-position":"center center","background-size":"auto","background-attachment":"scroll","background-type":"","background-media":"","overlay-type":"","overlay-color":"","overlay-opacity":"","overlay-gradient":""},"mobile":{"background-color":"var(--ast-global-color-5)","background-image":"","background-repeat":"repeat","background-position":"center center","background-size":"auto","background-attachment":"scroll","background-type":"","background-media":"","overlay-type":"","overlay-color":"","overlay-opacity":"","overlay-gradient":""}},"_price":"","_stock":"","_tribe_ticket_header":"","_tribe_default_ticket_provider":"","_tribe_ticket_capacity":"0","_ticket_start_date":"","_ticket_end_date":"","_tribe_ticket_show_description":"","_tribe_ticket_show_not_going":false,"_tribe_ticket_use_global_stock":"","_tribe_ticket_global_stock_level":"","_global_stock_mode":"","_global_stock_cap":"","_tribe_rsvp_for_event":"","_tribe_ticket_going_count":"","_tribe_ticket_not_going_count":"","_tribe_tickets_list":"[]","_tribe_ticket_has_attendee_info_fields":false,"footnotes":"","_tec_slr_enabled":"","_tec_slr_layout":""},"class_list":["post-6040","page","type-page","status-publish","hentry"],"acf":[],"ticketed":false,"_links":{"self":[{"href":"https:\/\/www.hex.be\/de\/wp-json\/wp\/v2\/pages\/6040","targetHints":{"allow":["GET"]}}],"collection":[{"href":"https:\/\/www.hex.be\/de\/wp-json\/wp\/v2\/pages"}],"about":[{"href":"https:\/\/www.hex.be\/de\/wp-json\/wp\/v2\/types\/page"}],"author":[{"embeddable":true,"href":"https:\/\/www.hex.be\/de\/wp-json\/wp\/v2\/users\/10"}],"replies":[{"embeddable":true,"href":"https:\/\/www.hex.be\/de\/wp-json\/wp\/v2\/comments?post=6040"}],"version-history":[{"count":11,"href":"https:\/\/www.hex.be\/de\/wp-json\/wp\/v2\/pages\/6040\/revisions"}],"predecessor-version":[{"id":39283,"href":"https:\/\/www.hex.be\/de\/wp-json\/wp\/v2\/pages\/6040\/revisions\/39283"}],"wp:attachment":[{"href":"https:\/\/www.hex.be\/de\/wp-json\/wp\/v2\/media?parent=6040"}],"curies":[{"name":"wp","href":"https:\/\/api.w.org\/{rel}","templated":true}]}}