{"id":33,"date":"2014-03-05T17:05:58","date_gmt":"2014-03-05T16:05:58","guid":{"rendered":"http:\/\/www.detuinenvanhex.be\/?page_id=33"},"modified":"2026-04-21T09:10:37","modified_gmt":"2026-04-21T07:10:37","slug":"park","status":"publish","type":"page","link":"https:\/\/www.hex.be\/de\/tuinen\/park\/","title":{"rendered":"Der Park"},"content":{"rendered":"<div data-elementor-type=\"wp-post\" data-elementor-id=\"33\" class=\"elementor elementor-33\" data-elementor-post-type=\"page\">\n\t\t\t\t\t\t<section class=\"elementor-section elementor-top-section elementor-element elementor-element-3e6e1c42 elementor-section-height-min-height wbm-hero elementor-section-boxed elementor-section-height-default elementor-section-items-middle\" data-id=\"3e6e1c42\" data-element_type=\"section\" data-e-type=\"section\" data-settings=\"{&quot;background_background&quot;:&quot;classic&quot;}\">\n\t\t\t\t\t\t\t<div class=\"elementor-background-overlay\"><\/div>\n\t\t\t\t\t\t\t<div class=\"elementor-container elementor-column-gap-default\">\n\t\t\t\t\t<div class=\"elementor-column elementor-col-100 elementor-top-column elementor-element elementor-element-53fb51b4\" data-id=\"53fb51b4\" data-element_type=\"column\" data-e-type=\"column\">\n\t\t\t<div class=\"elementor-widget-wrap\">\n\t\t\t\t\t\t\t<\/div>\n\t\t<\/div>\n\t\t\t\t\t<\/div>\n\t\t<\/section>\n\t\t\t\t<section class=\"elementor-section elementor-top-section elementor-element elementor-element-5f9c6b51 cw_medium elementor-section-boxed elementor-section-height-default elementor-section-height-default\" data-id=\"5f9c6b51\" data-element_type=\"section\" data-e-type=\"section\">\n\t\t\t\t\t\t<div class=\"elementor-container elementor-column-gap-default\">\n\t\t\t\t\t<div class=\"elementor-column elementor-col-100 elementor-top-column elementor-element elementor-element-1672802c\" data-id=\"1672802c\" data-element_type=\"column\" data-e-type=\"column\">\n\t\t\t<div class=\"elementor-widget-wrap elementor-element-populated\">\n\t\t\t\t\t\t<div class=\"elementor-element elementor-element-f257b28 elementor-widget elementor-widget-heading\" data-id=\"f257b28\" data-element_type=\"widget\" data-e-type=\"widget\" data-widget_type=\"heading.default\">\n\t\t\t\t<div class=\"elementor-widget-container\">\n\t\t\t\t\t<h1 class=\"elementor-heading-title elementor-size-default\">Der Park<\/h1>\t\t\t\t<\/div>\n\t\t\t\t<\/div>\n\t\t\t\t<div class=\"elementor-element elementor-element-7f36b162 elementor-widget elementor-widget-text-editor\" data-id=\"7f36b162\" data-element_type=\"widget\" data-e-type=\"widget\" data-widget_type=\"text-editor.default\">\n\t\t\t\t<div class=\"elementor-widget-container\">\n\t\t\t\t\t\t\t\t\t<p><strong><span style=\"text-decoration: underline\"><img fetchpriority=\"high\" decoding=\"async\" class=\"wp-image-584  alignleft\" title=\"einsam im Park\" src=\"\/wp-content\/uploads\/2014\/03\/Hex-261-park-solitair-750x530-copyright-Hex-SAM_0199.jpg\" alt=\"\" width=\"344\" height=\"243\" srcset=\"https:\/\/www.hex.be\/wp-content\/uploads\/2014\/03\/Hex-261-park-solitair-750x530-copyright-Hex-SAM_0199.jpg 750w, https:\/\/www.hex.be\/wp-content\/uploads\/2014\/03\/Hex-261-park-solitair-750x530-copyright-Hex-SAM_0199-600x424.jpg 600w, https:\/\/www.hex.be\/wp-content\/uploads\/2014\/03\/Hex-261-park-solitair-750x530-copyright-Hex-SAM_0199-300x212.jpg 300w\" sizes=\"(max-width: 344px) 100vw, 344px\" \/><\/span><\/strong><strong><span style=\"color: #008000\">WANDERUNG DURCH DEN PARK<\/span><br \/><\/strong>Au\u00dferhalb der ummauerten G\u00e4rten von Schloss Hex finden Sie einen gro\u00dfen Landschaftspark aus dem 19. Jahrhundert, der die Stelle der verschwundenen englischen G\u00e4rten eingenommen hat. Die Wanderung beginnt normalerweise am westlichen Eingangstor des formalen Gartens. Von dort f\u00fchrt ein Pfad zum Teich. Unterwegs haben Sie bereits einen ersten Blick auf das gr\u00fcne Tal mit einsamen B\u00e4umen. Weiter kann man sich f\u00fcr einen steilen Aufstieg unter dem Laub zum Panorama an der Hochzeitss\u00e4ule entscheiden, oder man kehrt \u00fcber die Br\u00fccke und die versteckten H\u00f6hlen zum Platanendreef zur\u00fcck.<\/p><p><span style=\"color: #008000\"><strong>GESCHICHTE<\/strong><\/span><br \/>Um 1770 wurden von Velbr\u00fcck einige englische G\u00e4rten angelegt, die auf dem europ\u00e4ischen Festland eine der ersten ihrer Art waren, zwischen den franz\u00f6sischen G\u00e4rten und dem Sablon. Im Gegensatz zu G\u00e4rten im franz\u00f6sischen Stil waren diese englischen G\u00e4rten durch verwinkelte Wege und geschwungene Linien gekennzeichnet. Einzelne B\u00e4ume und bl\u00fchende B\u00fcsche waren scheinbar willk\u00fcrlich \u00fcber die G\u00e4rten verteilt. Auf dem Weg durch die G\u00e4rten kamen verschiedene Leute <i>Follys<\/i> oder &quot;Fabriken&quot; dagegen: kleine Strukturen in verschiedenen Stilen, die eine bestimmte Atmosph\u00e4re hervorrufen mussten.<br \/>Der Landschaftsarchitekt Louis Fuchs gestaltete den Schlosspark in den 1880er Jahren neu und machte ihn zu einem gro\u00dfen Landschaftspark nach dem Geist seiner Zeit, da er jetzt unver\u00e4ndert ist. Einige der Elemente stammen aus dem 18. Jahrhundert. Die gr\u00f6\u00dfte Errungenschaft von Fuchs ist das langgestreckte gr\u00fcne Tal, das am Teich endet. Daf\u00fcr wurde die bestehende Landschaft vertieft und zu dem Ergebnis erhoben, das heute noch zu bewundern ist.<\/p><p><img decoding=\"async\" class=\"alignleft wp-image-580\" title=\"Platanendreef\" src=\"\/wp-content\/uploads\/2014\/03\/Hex-262-zichtassen-copyright-Hex-PSG.be-1758-1.jpg\" alt=\"Platanendreef\" width=\"800\" height=\"368\" srcset=\"https:\/\/www.hex.be\/wp-content\/uploads\/2014\/03\/Hex-262-zichtassen-copyright-Hex-PSG.be-1758-1.jpg 774w, https:\/\/www.hex.be\/wp-content\/uploads\/2014\/03\/Hex-262-zichtassen-copyright-Hex-PSG.be-1758-1-600x276.jpg 600w, https:\/\/www.hex.be\/wp-content\/uploads\/2014\/03\/Hex-262-zichtassen-copyright-Hex-PSG.be-1758-1-300x138.jpg 300w, https:\/\/www.hex.be\/wp-content\/uploads\/2014\/03\/Hex-262-zichtassen-copyright-Hex-PSG.be-1758-1-768x353.jpg 768w\" sizes=\"(max-width: 800px) 100vw, 800px\" \/><\/p><p><strong><span style=\"text-decoration: underline\"><br \/><\/span><span style=\"color: #008000\">DIE ANSICHTEN<\/span><span style=\"text-decoration: underline\"><br \/><\/span><\/strong>Neben dem Teich wurde 1890 ein Deich f\u00fcr den Bau einer Einfahrt vom Lod aus errichtet. Lavkistraat Dieser versteckte Eingang zwischen den Eiben ist tats\u00e4chlich der offizielle Eingang zur Burg. Die gerade Stra\u00dfe aus brauner Buche ist die ideale Kulisse f\u00fcr den Zugang zum franz\u00f6sischen Garten.<br \/>Die Drift von Platanen an der Ostseite des Anwesens ist fast zwei Kilometer lang und reicht bis nach Bommershoven. Im Schatten der Platanen bauen die Aussteller und Z\u00fcchter zweimal im Jahr ihre Zelte f\u00fcr ein gem\u00fctliches Pflanzenfest auf.<\/p><p><img decoding=\"async\" class=\"alignnone wp-image-705\" src=\"\/wp-content\/uploads\/2014\/03\/Hex-260-park-monnikenhof-1140x100-copyright-Hex-SAM_0200.jpg\" alt=\"SAMSUNG CSC\" width=\"1140\" height=\"100\" srcset=\"https:\/\/www.hex.be\/wp-content\/uploads\/2014\/03\/Hex-260-park-monnikenhof-1140x100-copyright-Hex-SAM_0200.jpg 1140w, https:\/\/www.hex.be\/wp-content\/uploads\/2014\/03\/Hex-260-park-monnikenhof-1140x100-copyright-Hex-SAM_0200-600x53.jpg 600w, https:\/\/www.hex.be\/wp-content\/uploads\/2014\/03\/Hex-260-park-monnikenhof-1140x100-copyright-Hex-SAM_0200-300x26.jpg 300w, https:\/\/www.hex.be\/wp-content\/uploads\/2014\/03\/Hex-260-park-monnikenhof-1140x100-copyright-Hex-SAM_0200-768x67.jpg 768w, https:\/\/www.hex.be\/wp-content\/uploads\/2014\/03\/Hex-260-park-monnikenhof-1140x100-copyright-Hex-SAM_0200-1024x90.jpg 1024w\" sizes=\"(max-width: 1140px) 100vw, 1140px\" \/><\/p>\t\t\t\t\t\t\t\t<\/div>\n\t\t\t\t<\/div>\n\t\t\t\t<div class=\"elementor-element elementor-element-34b688c elementor-widget elementor-widget-text-editor\" data-id=\"34b688c\" data-element_type=\"widget\" data-e-type=\"widget\" data-widget_type=\"text-editor.default\">\n\t\t\t\t<div class=\"elementor-widget-container\">\n\t\t\t\t\t\t\t\t\t<p><a href=\"https:\/\/www.hex.be\/de\/garten\/rozen\/\"><em>Bewundern Sie unsere Rosen...<\/em><\/a><\/p>\t\t\t\t\t\t\t\t<\/div>\n\t\t\t\t<\/div>\n\t\t\t\t\t<\/div>\n\t\t<\/div>\n\t\t\t\t\t<\/div>\n\t\t<\/section>\n\t\t\t\t<\/div>","protected":false},"excerpt":{"rendered":"<p>Het Park WANDELING DOOR HET PARKBuiten de ommuurde tuinen van kasteel Hex vindt men een groot landschappelijk park van de 19e eeuw, dat de plaats heeft ingenomen van de verdwenen Engelse tuinen. Men start de wandeling veelal aan het westelijke toegangshek van de formele tuin. Vandaar buigt een pad rechtsaf naar de vijver. Onderweg heeft [&hellip;]<\/p>\n","protected":false},"author":10,"featured_media":0,"parent":6040,"menu_order":0,"comment_status":"closed","ping_status":"closed","template":"","meta":{"_acf_changed":false,"site-sidebar-layout":"default","site-content-layout":"default","ast-site-content-layout":"default","site-content-style":"default","site-sidebar-style":"default","ast-global-header-display":"","ast-banner-title-visibility":"","ast-main-header-display":"","ast-hfb-above-header-display":"","ast-hfb-below-header-display":"","ast-hfb-mobile-header-display":"","site-post-title":"","ast-breadcrumbs-content":"","ast-featured-img":"","footer-sml-layout":"","ast-disable-related-posts":"","theme-transparent-header-meta":"default","adv-header-id-meta":"","stick-header-meta":"default","header-above-stick-meta":"","header-main-stick-meta":"","header-below-stick-meta":"","astra-migrate-meta-layouts":"default","ast-page-background-enabled":"default","ast-page-background-meta":{"desktop":{"background-color":"","background-image":"","background-repeat":"repeat","background-position":"center center","background-size":"auto","background-attachment":"scroll","background-type":"","background-media":"","overlay-type":"","overlay-color":"","overlay-opacity":"","overlay-gradient":""},"tablet":{"background-color":"","background-image":"","background-repeat":"repeat","background-position":"center center","background-size":"auto","background-attachment":"scroll","background-type":"","background-media":"","overlay-type":"","overlay-color":"","overlay-opacity":"","overlay-gradient":""},"mobile":{"background-color":"","background-image":"","background-repeat":"repeat","background-position":"center center","background-size":"auto","background-attachment":"scroll","background-type":"","background-media":"","overlay-type":"","overlay-color":"","overlay-opacity":"","overlay-gradient":""}},"ast-content-background-meta":{"desktop":{"background-color":"var(--ast-global-color-5)","background-image":"","background-repeat":"repeat","background-position":"center center","background-size":"auto","background-attachment":"scroll","background-type":"","background-media":"","overlay-type":"","overlay-color":"","overlay-opacity":"","overlay-gradient":""},"tablet":{"background-color":"var(--ast-global-color-5)","background-image":"","background-repeat":"repeat","background-position":"center center","background-size":"auto","background-attachment":"scroll","background-type":"","background-media":"","overlay-type":"","overlay-color":"","overlay-opacity":"","overlay-gradient":""},"mobile":{"background-color":"var(--ast-global-color-5)","background-image":"","background-repeat":"repeat","background-position":"center center","background-size":"auto","background-attachment":"scroll","background-type":"","background-media":"","overlay-type":"","overlay-color":"","overlay-opacity":"","overlay-gradient":""}},"_price":"","_stock":"","_tribe_ticket_header":"","_tribe_default_ticket_provider":"","_tribe_ticket_capacity":"0","_ticket_start_date":"","_ticket_end_date":"","_tribe_ticket_show_description":"","_tribe_ticket_show_not_going":false,"_tribe_ticket_use_global_stock":"","_tribe_ticket_global_stock_level":"","_global_stock_mode":"","_global_stock_cap":"","_tribe_rsvp_for_event":"","_tribe_ticket_going_count":"","_tribe_ticket_not_going_count":"","_tribe_tickets_list":"[]","_tribe_ticket_has_attendee_info_fields":false,"footnotes":"","_tec_slr_enabled":"","_tec_slr_layout":""},"class_list":["post-33","page","type-page","status-publish","hentry"],"acf":[],"ticketed":false,"_links":{"self":[{"href":"https:\/\/www.hex.be\/de\/wp-json\/wp\/v2\/pages\/33","targetHints":{"allow":["GET"]}}],"collection":[{"href":"https:\/\/www.hex.be\/de\/wp-json\/wp\/v2\/pages"}],"about":[{"href":"https:\/\/www.hex.be\/de\/wp-json\/wp\/v2\/types\/page"}],"author":[{"embeddable":true,"href":"https:\/\/www.hex.be\/de\/wp-json\/wp\/v2\/users\/10"}],"replies":[{"embeddable":true,"href":"https:\/\/www.hex.be\/de\/wp-json\/wp\/v2\/comments?post=33"}],"version-history":[{"count":7,"href":"https:\/\/www.hex.be\/de\/wp-json\/wp\/v2\/pages\/33\/revisions"}],"predecessor-version":[{"id":24545,"href":"https:\/\/www.hex.be\/de\/wp-json\/wp\/v2\/pages\/33\/revisions\/24545"}],"up":[{"embeddable":true,"href":"https:\/\/www.hex.be\/de\/wp-json\/wp\/v2\/pages\/6040"}],"wp:attachment":[{"href":"https:\/\/www.hex.be\/de\/wp-json\/wp\/v2\/media?parent=33"}],"curies":[{"name":"wp","href":"https:\/\/api.w.org\/{rel}","templated":true}]}}